{"id":11827,"date":"2023-07-31T12:08:47","date_gmt":"2023-07-31T12:08:47","guid":{"rendered":"https:\/\/simbud.com\/?page_id=11827"},"modified":"2024-10-07T19:26:56","modified_gmt":"2024-10-07T19:26:56","slug":"partner","status":"publish","type":"page","link":"https:\/\/simbud.com\/fr\/partner\/","title":{"rendered":"Partner"},"content":{"rendered":"\t\t<div data-elementor-type=\"wp-page\" data-elementor-id=\"11827\" class=\"elementor elementor-11827\" data-elementor-post-type=\"page\">\n\t\t\t\t\t\t<section class=\"elementor-section elementor-top-section elementor-element elementor-element-c3f6c06 elementor-section-boxed elementor-section-height-default elementor-section-height-default\" data-id=\"c3f6c06\" data-element_type=\"section\" data-e-type=\"section\">\n\t\t\t\t\t\t<div class=\"elementor-container elementor-column-gap-default\">\n\t\t\t\t\t<div class=\"elementor-column elementor-col-100 elementor-top-column elementor-element elementor-element-f2fde36\" data-id=\"f2fde36\" data-element_type=\"column\" data-e-type=\"column\">\n\t\t\t<div class=\"elementor-widget-wrap elementor-element-populated\">\n\t\t\t\t\t\t<div class=\"elementor-element elementor-element-b0be27a elementor-widget elementor-widget-heading\" data-id=\"b0be27a\" data-element_type=\"widget\" data-e-type=\"widget\" data-widget_type=\"heading.default\">\n\t\t\t\t\t<h1 class=\"elementor-heading-title elementor-size-default\">Explorez de nouvelles perspectives  <font color=\"#4ade80\">en devenant partenaire !<\/font><\/h1>\t\t\t\t<\/div>\n\t\t\t\t<div class=\"elementor-element elementor-element-288aeed elementor-widget elementor-widget-text-editor\" data-id=\"288aeed\" data-element_type=\"widget\" data-e-type=\"widget\" data-widget_type=\"text-editor.default\">\n\t\t\t\t\t\t\t\t\t<p>Rejoignez-nous en tant que partenaire pour transformer l&rsquo;univers des forfaits eSIM. Profitez d&rsquo;un r\u00e9seau de fournisseurs soigneusement s\u00e9lectionn\u00e9s et partagez les b\u00e9n\u00e9fices. Soyez \u00e0 la pointe de l&rsquo;innovation en int\u00e9grant ais\u00e9ment notre widget sur votre site, offrant ainsi \u00e0 vos visiteurs un comparateur mondial avec des prix toujours actualis\u00e9s.<\/p>\t\t\t\t\t\t\t\t<\/div>\n\t\t\t\t<div class=\"elementor-element elementor-element-6679f0e elementor-widget elementor-widget-button\" data-id=\"6679f0e\" data-element_type=\"widget\" data-e-type=\"widget\" data-widget_type=\"button.default\">\n\t\t\t\t\t\t\t\t\t\t<a class=\"elementor-button elementor-button-link elementor-size-sm\" href=\"https:\/\/simbud.com\/fr\/nous-contacter\/\">\n\t\t\t\t\t\t<span class=\"elementor-button-content-wrapper\">\n\t\t\t\t\t\t\t\t\t<span class=\"elementor-button-text\">Contactez-nous<\/span>\n\t\t\t\t\t<\/span>\n\t\t\t\t\t<\/a>\n\t\t\t\t\t\t\t\t<\/div>\n\t\t\t\t\t<\/div>\n\t\t<\/div>\n\t\t\t\t\t<\/div>\n\t\t<\/section>\n\t\t\t\t<section class=\"elementor-section elementor-top-section elementor-element elementor-element-64e0dba elementor-section-boxed elementor-section-height-default elementor-section-height-default\" data-id=\"64e0dba\" data-element_type=\"section\" data-e-type=\"section\">\n\t\t\t\t\t\t<div class=\"elementor-container elementor-column-gap-default\">\n\t\t\t\t\t<div class=\"elementor-column elementor-col-100 elementor-top-column elementor-element elementor-element-18ac8a9\" data-id=\"18ac8a9\" data-element_type=\"column\" data-e-type=\"column\">\n\t\t\t<div class=\"elementor-widget-wrap elementor-element-populated\">\n\t\t\t\t\t\t<div class=\"elementor-element elementor-element-e610988 elementor-widget elementor-widget-spacer\" data-id=\"e610988\" data-element_type=\"widget\" data-e-type=\"widget\" data-widget_type=\"spacer.default\">\n\t\t\t\t\t\t\t<div class=\"elementor-spacer\">\n\t\t\t<div class=\"elementor-spacer-inner\"><\/div>\n\t\t<\/div>\n\t\t\t\t\t\t<\/div>\n\t\t\t\t<div class=\"elementor-element elementor-element-1826faf elementor-widget elementor-widget-heading\" data-id=\"1826faf\" data-element_type=\"widget\" data-e-type=\"widget\" data-widget_type=\"heading.default\">\n\t\t\t\t\t<h2 class=\"elementor-heading-title elementor-size-default\">Ils sont d\u00e9j\u00e0 partenaires<\/h2>\t\t\t\t<\/div>\n\t\t\t\t\t<\/div>\n\t\t<\/div>\n\t\t\t\t\t<\/div>\n\t\t<\/section>\n\t\t\t\t<section class=\"elementor-section elementor-top-section elementor-element elementor-element-585031e4 elementor-section-boxed elementor-section-height-default elementor-section-height-default\" data-id=\"585031e4\" data-element_type=\"section\" data-e-type=\"section\">\n\t\t\t\t\t\t<div class=\"elementor-container elementor-column-gap-default\">\n\t\t\t\t\t<div class=\"elementor-column elementor-col-33 elementor-top-column elementor-element elementor-element-8c2410b\" data-id=\"8c2410b\" data-element_type=\"column\" data-e-type=\"column\">\n\t\t\t<div class=\"elementor-widget-wrap elementor-element-populated\">\n\t\t\t\t\t\t<section class=\"elementor-section elementor-inner-section elementor-element elementor-element-579649ba elementor-section-boxed elementor-section-height-default elementor-section-height-default\" data-id=\"579649ba\" data-element_type=\"section\" data-e-type=\"section\" link=\"https:\/\/www.985fm.ca\/audio\/570331\/de-nouveaux-modeles-de-telephone-offerts-par-samsung\">\n\t\t\t\t\t\t<div class=\"elementor-container elementor-column-gap-default\">\n\t\t\t\t\t<div class=\"elementor-column elementor-col-100 elementor-inner-column elementor-element elementor-element-24da83e7\" data-id=\"24da83e7\" data-element_type=\"column\" data-e-type=\"column\">\n\t\t\t<div class=\"elementor-widget-wrap elementor-element-populated\">\n\t\t\t\t\t\t<div class=\"elementor-element elementor-element-8595493 elementor-position-top elementor-widget elementor-widget-image-box\" data-id=\"8595493\" data-element_type=\"widget\" data-e-type=\"widget\" data-widget_type=\"image-box.default\">\n\t\t\t\t\t<div class=\"elementor-image-box-wrapper\"><figure class=\"elementor-image-box-img\"><a href=\"https:\/\/francoischarron.com\/sur-le-web\/economies-rabais\/comparez-et-achetez-ici-les-meilleurs-offres-et-forfaits-esim-du-monde-entier\/sg1EjB4rc8\/#comparateur\" rel=\"nofollow\" tabindex=\"-1\"><img fetchpriority=\"high\" decoding=\"async\" width=\"800\" height=\"208\" src=\"https:\/\/simbud.com\/wp-content\/uploads\/2023\/07\/logo-francois-charron_pos.jpg\" class=\"attachment-full size-full wp-image-11844\" alt=\"Logo du site francoischarron.com\" srcset=\"https:\/\/simbud.com\/wp-content\/uploads\/2023\/07\/logo-francois-charron_pos.jpg 800w, https:\/\/simbud.com\/wp-content\/uploads\/2023\/07\/logo-francois-charron_pos-300x78.jpg 300w, https:\/\/simbud.com\/wp-content\/uploads\/2023\/07\/logo-francois-charron_pos-768x200.jpg 768w\" sizes=\"(max-width: 800px) 100vw, 800px\" \/><\/a><\/figure><div class=\"elementor-image-box-content\"><h3 class=\"elementor-image-box-title\"><a href=\"https:\/\/francoischarron.com\/sur-le-web\/economies-rabais\/comparez-et-achetez-ici-les-meilleurs-offres-et-forfaits-esim-du-monde-entier\/sg1EjB4rc8\/#comparateur\" rel=\"nofollow\">Fran\u00e7ois Charron<\/a><\/h3><\/div><\/div>\t\t\t\t<\/div>\n\t\t\t\t\t<\/div>\n\t\t<\/div>\n\t\t\t\t\t<\/div>\n\t\t<\/section>\n\t\t\t\t\t<\/div>\n\t\t<\/div>\n\t\t\t\t<div class=\"elementor-column elementor-col-33 elementor-top-column elementor-element elementor-element-dfde7f7\" data-id=\"dfde7f7\" data-element_type=\"column\" data-e-type=\"column\">\n\t\t\t<div class=\"elementor-widget-wrap elementor-element-populated\">\n\t\t\t\t\t\t<section class=\"elementor-section elementor-inner-section elementor-element elementor-element-60eac46 elementor-section-boxed elementor-section-height-default elementor-section-height-default\" data-id=\"60eac46\" data-element_type=\"section\" data-e-type=\"section\" link=\"https:\/\/www.985fm.ca\/audio\/570331\/de-nouveaux-modeles-de-telephone-offerts-par-samsung\">\n\t\t\t\t\t\t<div class=\"elementor-container elementor-column-gap-default\">\n\t\t\t\t\t<div class=\"elementor-column elementor-col-100 elementor-inner-column elementor-element elementor-element-c0ccbd0\" data-id=\"c0ccbd0\" data-element_type=\"column\" data-e-type=\"column\">\n\t\t\t<div class=\"elementor-widget-wrap elementor-element-populated\">\n\t\t\t\t\t\t<div class=\"elementor-element elementor-element-1250fb6 elementor-position-top elementor-widget elementor-widget-image-box\" data-id=\"1250fb6\" data-element_type=\"widget\" data-e-type=\"widget\" data-widget_type=\"image-box.default\">\n\t\t\t\t\t<div class=\"elementor-image-box-wrapper\"><figure class=\"elementor-image-box-img\"><a href=\"https:\/\/www.protegez-vous.ca\/technologie\/comparateur-de-cartes-esim\" rel=\"nofollow\" tabindex=\"-1\"><img decoding=\"async\" width=\"666\" height=\"162\" src=\"https:\/\/simbud.com\/wp-content\/uploads\/2023\/07\/protegez-vous-logo.jpg\" class=\"attachment-full size-full wp-image-11867\" alt=\"Logo du site protegez-vous.com\" srcset=\"https:\/\/simbud.com\/wp-content\/uploads\/2023\/07\/protegez-vous-logo.jpg 666w, https:\/\/simbud.com\/wp-content\/uploads\/2023\/07\/protegez-vous-logo-300x73.jpg 300w\" sizes=\"(max-width: 666px) 100vw, 666px\" \/><\/a><\/figure><div class=\"elementor-image-box-content\"><h3 class=\"elementor-image-box-title\"><a href=\"https:\/\/www.protegez-vous.ca\/technologie\/comparateur-de-cartes-esim\" rel=\"nofollow\">Prot\u00e9gez-Vous<\/a><\/h3><\/div><\/div>\t\t\t\t<\/div>\n\t\t\t\t\t<\/div>\n\t\t<\/div>\n\t\t\t\t\t<\/div>\n\t\t<\/section>\n\t\t\t\t\t<\/div>\n\t\t<\/div>\n\t\t\t\t<div class=\"elementor-column elementor-col-33 elementor-top-column elementor-element elementor-element-5a8fab3\" data-id=\"5a8fab3\" data-element_type=\"column\" data-e-type=\"column\">\n\t\t\t<div class=\"elementor-widget-wrap elementor-element-populated\">\n\t\t\t\t\t\t<section class=\"elementor-section elementor-inner-section elementor-element elementor-element-f9644f9 elementor-section-boxed elementor-section-height-default elementor-section-height-default\" data-id=\"f9644f9\" data-element_type=\"section\" data-e-type=\"section\" link=\"https:\/\/www.985fm.ca\/audio\/570331\/de-nouveaux-modeles-de-telephone-offerts-par-samsung\">\n\t\t\t\t\t\t<div class=\"elementor-container elementor-column-gap-default\">\n\t\t\t\t\t<div class=\"elementor-column elementor-col-100 elementor-inner-column elementor-element elementor-element-c112165\" data-id=\"c112165\" data-element_type=\"column\" data-e-type=\"column\">\n\t\t\t<div class=\"elementor-widget-wrap elementor-element-populated\">\n\t\t\t\t\t\t<div class=\"elementor-element elementor-element-32eb641 elementor-position-top elementor-widget elementor-widget-image-box\" data-id=\"32eb641\" data-element_type=\"widget\" data-e-type=\"widget\" data-widget_type=\"image-box.default\">\n\t\t\t\t\t<div class=\"elementor-image-box-wrapper\"><figure class=\"elementor-image-box-img\"><a href=\"https:\/\/lactualite.com\/dollars-et-cents\/outils\/comparateurs\/esim\/\" rel=\"nofollow\" tabindex=\"-1\"><img decoding=\"async\" width=\"592\" height=\"187\" src=\"https:\/\/simbud.com\/wp-content\/uploads\/2023\/07\/lactualite-logo.jpg\" class=\"attachment-full size-full wp-image-11869\" alt=\"logo de la revue l&#039;Actualit\u00e9\" srcset=\"https:\/\/simbud.com\/wp-content\/uploads\/2023\/07\/lactualite-logo.jpg 592w, https:\/\/simbud.com\/wp-content\/uploads\/2023\/07\/lactualite-logo-300x95.jpg 300w\" sizes=\"(max-width: 592px) 100vw, 592px\" \/><\/a><\/figure><div class=\"elementor-image-box-content\"><h3 class=\"elementor-image-box-title\"><a href=\"https:\/\/lactualite.com\/dollars-et-cents\/outils\/comparateurs\/esim\/\" rel=\"nofollow\">L'Actualit\u00e9<\/a><\/h3><\/div><\/div>\t\t\t\t<\/div>\n\t\t\t\t\t<\/div>\n\t\t<\/div>\n\t\t\t\t\t<\/div>\n\t\t<\/section>\n\t\t\t\t\t<\/div>\n\t\t<\/div>\n\t\t\t\t\t<\/div>\n\t\t<\/section>\n\t\t\t\t<section class=\"elementor-section elementor-top-section elementor-element elementor-element-f36ff5c elementor-section-boxed elementor-section-height-default elementor-section-height-default\" data-id=\"f36ff5c\" data-element_type=\"section\" data-e-type=\"section\">\n\t\t\t\t\t\t<div class=\"elementor-container elementor-column-gap-default\">\n\t\t\t\t\t<div class=\"elementor-column elementor-col-33 elementor-top-column elementor-element elementor-element-0a5b1ca\" data-id=\"0a5b1ca\" data-element_type=\"column\" data-e-type=\"column\">\n\t\t\t<div class=\"elementor-widget-wrap elementor-element-populated\">\n\t\t\t\t\t\t<section class=\"elementor-section elementor-inner-section elementor-element elementor-element-a31c52b elementor-section-boxed elementor-section-height-default elementor-section-height-default\" data-id=\"a31c52b\" data-element_type=\"section\" data-e-type=\"section\" link=\"https:\/\/www.985fm.ca\/audio\/570331\/de-nouveaux-modeles-de-telephone-offerts-par-samsung\">\n\t\t\t\t\t\t<div class=\"elementor-container elementor-column-gap-default\">\n\t\t\t\t\t<div class=\"elementor-column elementor-col-100 elementor-inner-column elementor-element elementor-element-ecf7f68\" data-id=\"ecf7f68\" data-element_type=\"column\" data-e-type=\"column\">\n\t\t\t<div class=\"elementor-widget-wrap elementor-element-populated\">\n\t\t\t\t\t\t<div class=\"elementor-element elementor-element-4efcea0 elementor-position-top elementor-widget elementor-widget-image-box\" data-id=\"4efcea0\" data-element_type=\"widget\" data-e-type=\"widget\" data-widget_type=\"image-box.default\">\n\t\t\t\t\t<div class=\"elementor-image-box-wrapper\"><figure class=\"elementor-image-box-img\"><a href=\"https:\/\/www.immigrer.com\" rel=\"nofollow\" tabindex=\"-1\"><img loading=\"lazy\" decoding=\"async\" width=\"677\" height=\"183\" src=\"https:\/\/simbud.com\/wp-content\/uploads\/2024\/03\/immigrer-logo.webp\" class=\"attachment-full size-full wp-image-13273\" alt=\"immigrer.com logo\" srcset=\"https:\/\/simbud.com\/wp-content\/uploads\/2024\/03\/immigrer-logo.webp 677w, https:\/\/simbud.com\/wp-content\/uploads\/2024\/03\/immigrer-logo-300x81.webp 300w\" sizes=\"(max-width: 677px) 100vw, 677px\" \/><\/a><\/figure><div class=\"elementor-image-box-content\"><h3 class=\"elementor-image-box-title\"><a href=\"https:\/\/www.immigrer.com\" rel=\"nofollow\">Immigrer.com<\/a><\/h3><\/div><\/div>\t\t\t\t<\/div>\n\t\t\t\t\t<\/div>\n\t\t<\/div>\n\t\t\t\t\t<\/div>\n\t\t<\/section>\n\t\t\t\t\t<\/div>\n\t\t<\/div>\n\t\t\t\t<div class=\"elementor-column elementor-col-33 elementor-top-column elementor-element elementor-element-d38ab2e\" data-id=\"d38ab2e\" data-element_type=\"column\" data-e-type=\"column\">\n\t\t\t<div class=\"elementor-widget-wrap elementor-element-populated\">\n\t\t\t\t\t\t<section class=\"elementor-section elementor-inner-section elementor-element elementor-element-1b694d0 elementor-section-boxed elementor-section-height-default elementor-section-height-default\" data-id=\"1b694d0\" data-element_type=\"section\" data-e-type=\"section\" link=\"https:\/\/www.985fm.ca\/audio\/570331\/de-nouveaux-modeles-de-telephone-offerts-par-samsung\">\n\t\t\t\t\t\t<div class=\"elementor-container elementor-column-gap-default\">\n\t\t\t\t\t<div class=\"elementor-column elementor-col-100 elementor-inner-column elementor-element elementor-element-de38702\" data-id=\"de38702\" data-element_type=\"column\" data-e-type=\"column\">\n\t\t\t<div class=\"elementor-widget-wrap elementor-element-populated\">\n\t\t\t\t\t\t<div class=\"elementor-element elementor-element-a6798ec elementor-position-top elementor-widget elementor-widget-image-box\" data-id=\"a6798ec\" data-element_type=\"widget\" data-e-type=\"widget\" data-widget_type=\"image-box.default\">\n\t\t\t\t\t<div class=\"elementor-image-box-wrapper\"><figure class=\"elementor-image-box-img\"><a href=\"https:\/\/milesopedia.com\/avis\/produits\/carte-esim-airalo-internet-voyage-sans-itinerance\/\" rel=\"nofollow\" tabindex=\"-1\"><img loading=\"lazy\" decoding=\"async\" width=\"677\" height=\"183\" src=\"https:\/\/simbud.com\/wp-content\/uploads\/2024\/03\/milesopedia-logo.webp\" class=\"attachment-full size-full wp-image-13275\" alt=\"milesopedia logo\" srcset=\"https:\/\/simbud.com\/wp-content\/uploads\/2024\/03\/milesopedia-logo.webp 677w, https:\/\/simbud.com\/wp-content\/uploads\/2024\/03\/milesopedia-logo-300x81.webp 300w\" sizes=\"(max-width: 677px) 100vw, 677px\" \/><\/a><\/figure><div class=\"elementor-image-box-content\"><h3 class=\"elementor-image-box-title\"><a href=\"https:\/\/milesopedia.com\/avis\/produits\/carte-esim-airalo-internet-voyage-sans-itinerance\/\" rel=\"nofollow\">Milesopedia<\/a><\/h3><\/div><\/div>\t\t\t\t<\/div>\n\t\t\t\t\t<\/div>\n\t\t<\/div>\n\t\t\t\t\t<\/div>\n\t\t<\/section>\n\t\t\t\t\t<\/div>\n\t\t<\/div>\n\t\t\t\t<div class=\"elementor-column elementor-col-33 elementor-top-column elementor-element elementor-element-d0f6b15\" data-id=\"d0f6b15\" data-element_type=\"column\" data-e-type=\"column\">\n\t\t\t<div class=\"elementor-widget-wrap elementor-element-populated\">\n\t\t\t\t\t\t<section class=\"elementor-section elementor-inner-section elementor-element elementor-element-e44d892 elementor-section-boxed elementor-section-height-default elementor-section-height-default\" data-id=\"e44d892\" data-element_type=\"section\" data-e-type=\"section\" link=\"https:\/\/www.985fm.ca\/audio\/570331\/de-nouveaux-modeles-de-telephone-offerts-par-samsung\">\n\t\t\t\t\t\t<div class=\"elementor-container elementor-column-gap-default\">\n\t\t\t\t\t<div class=\"elementor-column elementor-col-100 elementor-inner-column elementor-element elementor-element-9a9c695\" data-id=\"9a9c695\" data-element_type=\"column\" data-e-type=\"column\">\n\t\t\t<div class=\"elementor-widget-wrap elementor-element-populated\">\n\t\t\t\t\t\t<div class=\"elementor-element elementor-element-6a8b2ec elementor-position-top elementor-widget elementor-widget-image-box\" data-id=\"6a8b2ec\" data-element_type=\"widget\" data-e-type=\"widget\" data-widget_type=\"image-box.default\">\n\t\t\t\t\t<div class=\"elementor-image-box-wrapper\"><figure class=\"elementor-image-box-img\"><a href=\"https:\/\/www.busbud.com\/blog\/wi-fi-on-buses-and-trains-how-often-does-it-work-in-the-united-states\/\" rel=\"nofollow\" tabindex=\"-1\"><img loading=\"lazy\" decoding=\"async\" width=\"800\" height=\"200\" src=\"https:\/\/simbud.com\/wp-content\/uploads\/2024\/03\/busbud-logo.webp\" class=\"attachment-full size-full wp-image-13271\" alt=\"busbud logo\" srcset=\"https:\/\/simbud.com\/wp-content\/uploads\/2024\/03\/busbud-logo.webp 800w, https:\/\/simbud.com\/wp-content\/uploads\/2024\/03\/busbud-logo-300x75.webp 300w, https:\/\/simbud.com\/wp-content\/uploads\/2024\/03\/busbud-logo-768x192.webp 768w\" sizes=\"(max-width: 800px) 100vw, 800px\" \/><\/a><\/figure><div class=\"elementor-image-box-content\"><h3 class=\"elementor-image-box-title\"><a href=\"https:\/\/www.busbud.com\/blog\/wi-fi-on-buses-and-trains-how-often-does-it-work-in-the-united-states\/\" rel=\"nofollow\">Busbud<\/a><\/h3><\/div><\/div>\t\t\t\t<\/div>\n\t\t\t\t\t<\/div>\n\t\t<\/div>\n\t\t\t\t\t<\/div>\n\t\t<\/section>\n\t\t\t\t\t<\/div>\n\t\t<\/div>\n\t\t\t\t\t<\/div>\n\t\t<\/section>\n\t\t\t\t<section class=\"elementor-section elementor-top-section elementor-element elementor-element-ef7c68d elementor-section-boxed elementor-section-height-default elementor-section-height-default\" data-id=\"ef7c68d\" data-element_type=\"section\" data-e-type=\"section\">\n\t\t\t\t\t\t<div class=\"elementor-container elementor-column-gap-default\">\n\t\t\t\t\t<div class=\"elementor-column elementor-col-100 elementor-top-column elementor-element elementor-element-0db7c89\" data-id=\"0db7c89\" data-element_type=\"column\" data-e-type=\"column\">\n\t\t\t<div class=\"elementor-widget-wrap elementor-element-populated\">\n\t\t\t\t\t\t<div class=\"elementor-element elementor-element-0343390 elementor-widget elementor-widget-spacer\" data-id=\"0343390\" data-element_type=\"widget\" data-e-type=\"widget\" data-widget_type=\"spacer.default\">\n\t\t\t\t\t\t\t<div class=\"elementor-spacer\">\n\t\t\t<div class=\"elementor-spacer-inner\"><\/div>\n\t\t<\/div>\n\t\t\t\t\t\t<\/div>\n\t\t\t\t\t<\/div>\n\t\t<\/div>\n\t\t\t\t\t<\/div>\n\t\t<\/section>\n\t\t\t\t<\/div>\n\t\t","protected":false},"excerpt":{"rendered":"<p>Explorez de nouvelles perspectives en devenant partenaire ! Rejoignez-nous en tant que partenaire pour transformer l&rsquo;univers des forfaits eSIM. Profitez d&rsquo;un r\u00e9seau de fournisseurs soigneusement s\u00e9lectionn\u00e9s et partagez les b\u00e9n\u00e9fices. Soyez \u00e0 la pointe de l&rsquo;innovation en int\u00e9grant ais\u00e9ment notre widget sur votre site, offrant ainsi \u00e0 vos visiteurs un comparateur mondial avec des prix [&hellip;]<\/p>\n","protected":false},"author":2,"featured_media":0,"parent":0,"menu_order":0,"comment_status":"closed","ping_status":"closed","template":"","meta":{"footnotes":""},"class_list":["post-11827","page","type-page","status-publish","hentry"],"aioseo_notices":[],"_links":{"self":[{"href":"https:\/\/simbud.com\/fr\/wp-json\/wp\/v2\/pages\/11827","targetHints":{"allow":["GET"]}}],"collection":[{"href":"https:\/\/simbud.com\/fr\/wp-json\/wp\/v2\/pages"}],"about":[{"href":"https:\/\/simbud.com\/fr\/wp-json\/wp\/v2\/types\/page"}],"author":[{"embeddable":true,"href":"https:\/\/simbud.com\/fr\/wp-json\/wp\/v2\/users\/2"}],"replies":[{"embeddable":true,"href":"https:\/\/simbud.com\/fr\/wp-json\/wp\/v2\/comments?post=11827"}],"version-history":[{"count":37,"href":"https:\/\/simbud.com\/fr\/wp-json\/wp\/v2\/pages\/11827\/revisions"}],"predecessor-version":[{"id":14708,"href":"https:\/\/simbud.com\/fr\/wp-json\/wp\/v2\/pages\/11827\/revisions\/14708"}],"wp:attachment":[{"href":"https:\/\/simbud.com\/fr\/wp-json\/wp\/v2\/media?parent=11827"}],"curies":[{"name":"wp","href":"https:\/\/api.w.org\/{rel}","templated":true}]}}