{"id":11780,"date":"2023-07-28T15:30:02","date_gmt":"2023-07-28T15:30:02","guid":{"rendered":"https:\/\/simbud.com\/?page_id=11780"},"modified":"2024-10-07T18:00:26","modified_gmt":"2024-10-07T18:00:26","slug":"media","status":"publish","type":"page","link":"https:\/\/simbud.com\/fr\/media\/","title":{"rendered":"Media"},"content":{"rendered":"\t\t<div data-elementor-type=\"wp-page\" data-elementor-id=\"11780\" class=\"elementor elementor-11780\" data-elementor-post-type=\"page\">\n\t\t\t\t\t\t<section class=\"elementor-section elementor-top-section elementor-element elementor-element-9739b24 elementor-section-boxed elementor-section-height-default elementor-section-height-default\" data-id=\"9739b24\" data-element_type=\"section\" data-e-type=\"section\">\n\t\t\t\t\t\t<div class=\"elementor-container elementor-column-gap-default\">\n\t\t\t\t\t<div class=\"elementor-column elementor-col-100 elementor-top-column elementor-element elementor-element-0aa53d5\" data-id=\"0aa53d5\" data-element_type=\"column\" data-e-type=\"column\">\n\t\t\t<div class=\"elementor-widget-wrap elementor-element-populated\">\n\t\t\t\t\t\t<div class=\"elementor-element elementor-element-c2a8bdb elementor-widget elementor-widget-heading\" data-id=\"c2a8bdb\" data-element_type=\"widget\" data-e-type=\"widget\" data-widget_type=\"heading.default\">\n\t\t\t\t\t<h1 class=\"elementor-heading-title elementor-size-default\">simbud<font color=\"#4ade80\"> dans les m\u00e9dias<\/font>\n<\/h1>\t\t\t\t<\/div>\n\t\t\t\t<div class=\"elementor-element elementor-element-c35efdb elementor-widget elementor-widget-text-editor\" data-id=\"c35efdb\" data-element_type=\"widget\" data-e-type=\"widget\" data-widget_type=\"text-editor.default\">\n\t\t\t\t\t\t\t\t\t<p>D\u00e9couvrez via des articles de presse comment notre service a \u00e9t\u00e9 reconnu pour son utilit\u00e9, sa fiabilit\u00e9 et son impact positif sur la mani\u00e8re dont les voyageurs connect\u00e9s explorent le monde.\u00a0<\/p>\t\t\t\t\t\t\t\t<\/div>\n\t\t\t\t\t<\/div>\n\t\t<\/div>\n\t\t\t\t\t<\/div>\n\t\t<\/section>\n\t\t\t\t<section class=\"elementor-section elementor-top-section elementor-element elementor-element-c352f75 elementor-section-boxed elementor-section-height-default elementor-section-height-default\" data-id=\"c352f75\" data-element_type=\"section\" data-e-type=\"section\">\n\t\t\t\t\t\t<div class=\"elementor-container elementor-column-gap-default\">\n\t\t\t\t\t<div class=\"elementor-column elementor-col-100 elementor-top-column elementor-element elementor-element-847c729\" data-id=\"847c729\" data-element_type=\"column\" data-e-type=\"column\">\n\t\t\t<div class=\"elementor-widget-wrap elementor-element-populated\">\n\t\t\t\t\t\t<section class=\"elementor-section elementor-inner-section elementor-element elementor-element-49bef69 elementor-section-boxed elementor-section-height-default elementor-section-height-default\" data-id=\"49bef69\" data-element_type=\"section\" data-e-type=\"section\" link=\"https:\/\/www.985fm.ca\/audio\/570331\/de-nouveaux-modeles-de-telephone-offerts-par-samsung\">\n\t\t\t\t\t\t<div class=\"elementor-container elementor-column-gap-default\">\n\t\t\t\t\t<div class=\"elementor-column elementor-col-50 elementor-inner-column elementor-element elementor-element-ffccda0\" data-id=\"ffccda0\" data-element_type=\"column\" data-e-type=\"column\">\n\t\t\t<div class=\"elementor-widget-wrap elementor-element-populated\">\n\t\t\t\t\t\t<div class=\"elementor-element elementor-element-0c3652b elementor-widget elementor-widget-image\" data-id=\"0c3652b\" data-element_type=\"widget\" data-e-type=\"widget\" data-widget_type=\"image.default\">\n\t\t\t\t\t\t\t\t\t\t\t\t\t\t\t<img fetchpriority=\"high\" decoding=\"async\" width=\"800\" height=\"450\" src=\"https:\/\/simbud.com\/wp-content\/uploads\/2023\/07\/esim_pascal_forget_cogeco_media-1024x576.jpg\" class=\"attachment-large size-large wp-image-11784\" alt=\"Pascal Forget Cogeco Media\" srcset=\"https:\/\/simbud.com\/wp-content\/uploads\/2023\/07\/esim_pascal_forget_cogeco_media-1024x576.jpg 1024w, https:\/\/simbud.com\/wp-content\/uploads\/2023\/07\/esim_pascal_forget_cogeco_media-300x169.jpg 300w, https:\/\/simbud.com\/wp-content\/uploads\/2023\/07\/esim_pascal_forget_cogeco_media-768x432.jpg 768w, https:\/\/simbud.com\/wp-content\/uploads\/2023\/07\/esim_pascal_forget_cogeco_media.jpg 1080w\" sizes=\"(max-width: 800px) 100vw, 800px\" \/>\t\t\t\t\t\t\t\t\t\t\t\t\t\t\t<\/div>\n\t\t\t\t\t<\/div>\n\t\t<\/div>\n\t\t\t\t<div class=\"elementor-column elementor-col-50 elementor-inner-column elementor-element elementor-element-b403b0b\" data-id=\"b403b0b\" data-element_type=\"column\" data-e-type=\"column\">\n\t\t\t<div class=\"elementor-widget-wrap elementor-element-populated\">\n\t\t\t\t\t\t<div class=\"elementor-element elementor-element-99b4b29 elementor-widget elementor-widget-heading\" data-id=\"99b4b29\" data-element_type=\"widget\" data-e-type=\"widget\" data-widget_type=\"heading.default\">\n\t\t\t\t\t<h2 class=\"elementor-heading-title elementor-size-default\">985FM<\/h2>\t\t\t\t<\/div>\n\t\t\t\t<div class=\"elementor-element elementor-element-3a130cf elementor-widget elementor-widget-heading\" data-id=\"3a130cf\" data-element_type=\"widget\" data-e-type=\"widget\" data-widget_type=\"heading.default\">\n\t\t\t\t\t<h3 class=\"elementor-heading-title elementor-size-default\">Une fa\u00e7on d\u2019\u00e9conomiser sur ses forfaits de donn\u00e9es en vacances: la eSIM.<\/h3>\t\t\t\t<\/div>\n\t\t\t\t<div class=\"elementor-element elementor-element-da64f6f elementor-widget elementor-widget-text-editor\" data-id=\"da64f6f\" data-element_type=\"widget\" data-e-type=\"widget\" data-widget_type=\"text-editor.default\">\n\t\t\t\t\t\t\t\t\t<p>\u00c9coutez le chroniqueur techno Pascal Forget qui pr\u00e9sente l&rsquo;eSIM et son utilisation en vacance, ainsi que la meilleure fa\u00e7on de magasiner les forfaits.\u00a0<\/p>\t\t\t\t\t\t\t\t<\/div>\n\t\t\t\t<div class=\"elementor-element elementor-element-fcad54a elementor-widget elementor-widget-html\" data-id=\"fcad54a\" data-element_type=\"widget\" data-e-type=\"widget\" data-widget_type=\"html.default\">\n\t\t\t\t\t<script src=\"https:\/\/code.jquery.com\/jquery-3.6.0.min.js\"><\/script>\n<script>\nvar $ = jQuery\n$(document).ready(function(){\n    \n$('.elementor-section[link], .elementor-column[link] > .elementor-widget-wrap, .e-con[link], .e-container[link]').on('click', function(){\n    \n    var $this = $(this).hasClass('elementor-widget-wrap') ? $(this).parent() : $(this),\n    link = $this.attr('link'),\n    newtab = $this.attr('newtab'),\n    openIn = typeof newtab !== 'undefined' && newtab !== false ? '_blank' : '_self'\n    \n    window.open(link, openIn)\n})\n})\n<\/script>\n<style>\n.elementor-section[link], .elementor-column[link] > .elementor-widget-wrap, .e-con[link], .e-container[link] {\n    cursor: pointer;\n}\n<\/style>\t\t\t\t<\/div>\n\t\t\t\t\t<\/div>\n\t\t<\/div>\n\t\t\t\t\t<\/div>\n\t\t<\/section>\n\t\t\t\t\t<\/div>\n\t\t<\/div>\n\t\t\t\t\t<\/div>\n\t\t<\/section>\n\t\t\t\t<section class=\"elementor-section elementor-top-section elementor-element elementor-element-3e1fdca elementor-section-boxed elementor-section-height-default elementor-section-height-default\" data-id=\"3e1fdca\" data-element_type=\"section\" data-e-type=\"section\">\n\t\t\t\t\t\t<div class=\"elementor-container elementor-column-gap-default\">\n\t\t\t\t\t<div class=\"elementor-column elementor-col-100 elementor-top-column elementor-element elementor-element-34f1384\" data-id=\"34f1384\" data-element_type=\"column\" data-e-type=\"column\">\n\t\t\t<div class=\"elementor-widget-wrap elementor-element-populated\">\n\t\t\t\t\t\t<section class=\"elementor-section elementor-inner-section elementor-element elementor-element-8c1ac70 elementor-section-boxed elementor-section-height-default elementor-section-height-default\" data-id=\"8c1ac70\" data-element_type=\"section\" data-e-type=\"section\" link=\"https:\/\/www.ledevoir.com\/opinion\/chroniques\/793926\/chronique-pour-ne-plus-payer-de-frais-d-itinerance?\">\n\t\t\t\t\t\t<div class=\"elementor-container elementor-column-gap-default\">\n\t\t\t\t\t<div class=\"elementor-column elementor-col-50 elementor-inner-column elementor-element elementor-element-57ed6bd\" data-id=\"57ed6bd\" data-element_type=\"column\" data-e-type=\"column\">\n\t\t\t<div class=\"elementor-widget-wrap elementor-element-populated\">\n\t\t\t\t\t\t<div class=\"elementor-element elementor-element-686e8d6 elementor-widget elementor-widget-image\" data-id=\"686e8d6\" data-element_type=\"widget\" data-e-type=\"widget\" data-widget_type=\"image.default\">\n\t\t\t\t\t\t\t\t\t\t\t\t\t\t\t<img decoding=\"async\" width=\"501\" height=\"100\" src=\"https:\/\/simbud.com\/wp-content\/uploads\/2023\/07\/ledevoir.png\" class=\"attachment-large size-large wp-image-11807\" alt=\"logo ledevoir\" srcset=\"https:\/\/simbud.com\/wp-content\/uploads\/2023\/07\/ledevoir.png 501w, https:\/\/simbud.com\/wp-content\/uploads\/2023\/07\/ledevoir-300x60.png 300w\" sizes=\"(max-width: 501px) 100vw, 501px\" \/>\t\t\t\t\t\t\t\t\t\t\t\t\t\t\t<\/div>\n\t\t\t\t\t<\/div>\n\t\t<\/div>\n\t\t\t\t<div class=\"elementor-column elementor-col-50 elementor-inner-column elementor-element elementor-element-4aaf34e\" data-id=\"4aaf34e\" data-element_type=\"column\" data-e-type=\"column\">\n\t\t\t<div class=\"elementor-widget-wrap elementor-element-populated\">\n\t\t\t\t\t\t<div class=\"elementor-element elementor-element-185ef07 elementor-widget elementor-widget-heading\" data-id=\"185ef07\" data-element_type=\"widget\" data-e-type=\"widget\" data-widget_type=\"heading.default\">\n\t\t\t\t\t<h2 class=\"elementor-heading-title elementor-size-default\">LEDEVOIR<\/h2>\t\t\t\t<\/div>\n\t\t\t\t<div class=\"elementor-element elementor-element-14f81e8 elementor-widget elementor-widget-heading\" data-id=\"14f81e8\" data-element_type=\"widget\" data-e-type=\"widget\" data-widget_type=\"heading.default\">\n\t\t\t\t\t<h3 class=\"elementor-heading-title elementor-size-default\">Pour ne plus payer de frais d\u2019itin\u00e9rance<\/h3>\t\t\t\t<\/div>\n\t\t\t\t<div class=\"elementor-element elementor-element-aceb6b4 elementor-widget elementor-widget-text-editor\" data-id=\"aceb6b4\" data-element_type=\"widget\" data-e-type=\"widget\" data-widget_type=\"text-editor.default\">\n\t\t\t\t\t\t\t\t\t<p>\u00ab\u00a0c\u2019est gratuit. Et pour ce qu\u2019on a pu en voir, c\u2019est fiable. Les options propos\u00e9es comprennent des forfaits qu\u2019on a pu tester aux \u00c9tats-Unis et en Europe, et qui ont permis de garder le contact des journ\u00e9es durant et chaque fois pour moins de 10 $.\u00a0\u00bb<\/p>\t\t\t\t\t\t\t\t<\/div>\n\t\t\t\t<div class=\"elementor-element elementor-element-7ee48f8 elementor-widget elementor-widget-html\" data-id=\"7ee48f8\" data-element_type=\"widget\" data-e-type=\"widget\" data-widget_type=\"html.default\">\n\t\t\t\t\t<script src=\"https:\/\/code.jquery.com\/jquery-3.6.0.min.js\"><\/script>\n<script>\nvar $ = jQuery\n$(document).ready(function(){\n    \n$('.elementor-section[link], .elementor-column[link] > .elementor-widget-wrap, .e-con[link], .e-container[link]').on('click', function(){\n    \n    var $this = $(this).hasClass('elementor-widget-wrap') ? $(this).parent() : $(this),\n    link = $this.attr('link'),\n    newtab = $this.attr('newtab'),\n    openIn = typeof newtab !== 'undefined' && newtab !== false ? '_blank' : '_self'\n    \n    window.open(link, openIn)\n})\n})\n<\/script>\n<style>\n.elementor-section[link], .elementor-column[link] > .elementor-widget-wrap, .e-con[link], .e-container[link] {\n    cursor: pointer;\n}\n<\/style>\t\t\t\t<\/div>\n\t\t\t\t\t<\/div>\n\t\t<\/div>\n\t\t\t\t\t<\/div>\n\t\t<\/section>\n\t\t\t\t\t<\/div>\n\t\t<\/div>\n\t\t\t\t\t<\/div>\n\t\t<\/section>\n\t\t\t\t<section class=\"elementor-section elementor-top-section elementor-element elementor-element-a98466a elementor-section-boxed elementor-section-height-default elementor-section-height-default\" data-id=\"a98466a\" data-element_type=\"section\" data-e-type=\"section\">\n\t\t\t\t\t\t<div class=\"elementor-container elementor-column-gap-default\">\n\t\t\t\t\t<div class=\"elementor-column elementor-col-100 elementor-top-column elementor-element elementor-element-99a0a57\" data-id=\"99a0a57\" data-element_type=\"column\" data-e-type=\"column\">\n\t\t\t<div class=\"elementor-widget-wrap elementor-element-populated\">\n\t\t\t\t\t\t<section class=\"elementor-section elementor-inner-section elementor-element elementor-element-f7da7d8 elementor-section-boxed elementor-section-height-default elementor-section-height-default\" data-id=\"f7da7d8\" data-element_type=\"section\" data-e-type=\"section\" link=\"https:\/\/www.lapresse.ca\/affaires\/finances-personnelles\/2023-07-30\/forfaits-cellulaires-en-voyage\/loin-des-yeux-pres-du-cell.php\">\n\t\t\t\t\t\t<div class=\"elementor-container elementor-column-gap-default\">\n\t\t\t\t\t<div class=\"elementor-column elementor-col-50 elementor-inner-column elementor-element elementor-element-a7bd939\" data-id=\"a7bd939\" data-element_type=\"column\" data-e-type=\"column\">\n\t\t\t<div class=\"elementor-widget-wrap elementor-element-populated\">\n\t\t\t\t\t\t<div class=\"elementor-element elementor-element-a0912fe elementor-widget elementor-widget-image\" data-id=\"a0912fe\" data-element_type=\"widget\" data-e-type=\"widget\" data-widget_type=\"image.default\">\n\t\t\t\t\t\t\t\t\t\t\t\t\t\t\t<img decoding=\"async\" width=\"100\" height=\"100\" src=\"https:\/\/simbud.com\/wp-content\/uploads\/2023\/07\/lapresse-logo.jpg\" class=\"attachment-large size-large wp-image-11859\" alt=\"Logo du site d&#039;actualit\u00e9 lapresse.ca\" \/>\t\t\t\t\t\t\t\t\t\t\t\t\t\t\t<\/div>\n\t\t\t\t\t<\/div>\n\t\t<\/div>\n\t\t\t\t<div class=\"elementor-column elementor-col-50 elementor-inner-column elementor-element elementor-element-5a777cb\" data-id=\"5a777cb\" data-element_type=\"column\" data-e-type=\"column\">\n\t\t\t<div class=\"elementor-widget-wrap elementor-element-populated\">\n\t\t\t\t\t\t<div class=\"elementor-element elementor-element-bca9248 elementor-widget elementor-widget-heading\" data-id=\"bca9248\" data-element_type=\"widget\" data-e-type=\"widget\" data-widget_type=\"heading.default\">\n\t\t\t\t\t<h2 class=\"elementor-heading-title elementor-size-default\">LAPRESSE.CA<\/h2>\t\t\t\t<\/div>\n\t\t\t\t<div class=\"elementor-element elementor-element-35a01ba elementor-widget elementor-widget-heading\" data-id=\"35a01ba\" data-element_type=\"widget\" data-e-type=\"widget\" data-widget_type=\"heading.default\">\n\t\t\t\t\t<h3 class=\"elementor-heading-title elementor-size-default\">Loin des yeux, pr\u00e8s du cell<\/h3>\t\t\t\t<\/div>\n\t\t\t\t<div class=\"elementor-element elementor-element-01e1567 elementor-widget elementor-widget-text-editor\" data-id=\"01e1567\" data-element_type=\"widget\" data-e-type=\"widget\" data-widget_type=\"text-editor.default\">\n\t\t\t\t\t\t\t\t\t<p>\u00ab\u00a0C\u2019est la nouvelle tendance, qui va souvent de pair en ligne avec des offres de cartes eSIM. L\u2019avantage de ces eSIM est \u00e9videmment qu\u2019il n\u2019y a pas d\u2019envoi physique d\u2019une carte, l\u2019activation pouvant se faire directement en ligne.\u00a0\u00bb<\/p>\t\t\t\t\t\t\t\t<\/div>\n\t\t\t\t<div class=\"elementor-element elementor-element-0c5d2eb elementor-widget elementor-widget-html\" data-id=\"0c5d2eb\" data-element_type=\"widget\" data-e-type=\"widget\" data-widget_type=\"html.default\">\n\t\t\t\t\t<script src=\"https:\/\/code.jquery.com\/jquery-3.6.0.min.js\"><\/script>\n<script>\nvar $ = jQuery\n$(document).ready(function(){\n    \n$('.elementor-section[link], .elementor-column[link] > .elementor-widget-wrap, .e-con[link], .e-container[link]').on('click', function(){\n    \n    var $this = $(this).hasClass('elementor-widget-wrap') ? $(this).parent() : $(this),\n    link = $this.attr('link'),\n    newtab = $this.attr('newtab'),\n    openIn = typeof newtab !== 'undefined' && newtab !== false ? '_blank' : '_self'\n    \n    window.open(link, openIn)\n})\n})\n<\/script>\n<style>\n.elementor-section[link], .elementor-column[link] > .elementor-widget-wrap, .e-con[link], .e-container[link] {\n    cursor: pointer;\n}\n<\/style>\t\t\t\t<\/div>\n\t\t\t\t\t<\/div>\n\t\t<\/div>\n\t\t\t\t\t<\/div>\n\t\t<\/section>\n\t\t\t\t\t<\/div>\n\t\t<\/div>\n\t\t\t\t\t<\/div>\n\t\t<\/section>\n\t\t\t\t<section class=\"elementor-section elementor-top-section elementor-element elementor-element-6655798 elementor-section-boxed elementor-section-height-default elementor-section-height-default\" data-id=\"6655798\" data-element_type=\"section\" data-e-type=\"section\">\n\t\t\t\t\t\t<div class=\"elementor-container elementor-column-gap-default\">\n\t\t\t\t\t<div class=\"elementor-column elementor-col-100 elementor-top-column elementor-element elementor-element-0ee485c\" data-id=\"0ee485c\" data-element_type=\"column\" data-e-type=\"column\">\n\t\t\t<div class=\"elementor-widget-wrap elementor-element-populated\">\n\t\t\t\t\t\t<section class=\"elementor-section elementor-inner-section elementor-element elementor-element-6edd580 elementor-section-boxed elementor-section-height-default elementor-section-height-default\" data-id=\"6edd580\" data-element_type=\"section\" data-e-type=\"section\" link=\"https:\/\/moncarnet.blog\/2023\/07\/07\/mon-carnet-du-7-juillet-2023\/\">\n\t\t\t\t\t\t<div class=\"elementor-container elementor-column-gap-default\">\n\t\t\t\t\t<div class=\"elementor-column elementor-col-50 elementor-inner-column elementor-element elementor-element-a3d6b78\" data-id=\"a3d6b78\" data-element_type=\"column\" data-e-type=\"column\">\n\t\t\t<div class=\"elementor-widget-wrap elementor-element-populated\">\n\t\t\t\t\t\t<div class=\"elementor-element elementor-element-ce845c0 elementor-widget elementor-widget-image\" data-id=\"ce845c0\" data-element_type=\"widget\" data-e-type=\"widget\" data-widget_type=\"image.default\">\n\t\t\t\t\t\t\t\t\t\t\t\t\t\t\t<img loading=\"lazy\" decoding=\"async\" width=\"400\" height=\"400\" src=\"https:\/\/simbud.com\/wp-content\/uploads\/2023\/07\/radio-mon-carnet-logo.jpg\" class=\"attachment-large size-large wp-image-11853\" alt=\"logo de Radio Mon Carnet\" srcset=\"https:\/\/simbud.com\/wp-content\/uploads\/2023\/07\/radio-mon-carnet-logo.jpg 400w, https:\/\/simbud.com\/wp-content\/uploads\/2023\/07\/radio-mon-carnet-logo-300x300.jpg 300w, https:\/\/simbud.com\/wp-content\/uploads\/2023\/07\/radio-mon-carnet-logo-150x150.jpg 150w\" sizes=\"(max-width: 400px) 100vw, 400px\" \/>\t\t\t\t\t\t\t\t\t\t\t\t\t\t\t<\/div>\n\t\t\t\t\t<\/div>\n\t\t<\/div>\n\t\t\t\t<div class=\"elementor-column elementor-col-50 elementor-inner-column elementor-element elementor-element-d420df7\" data-id=\"d420df7\" data-element_type=\"column\" data-e-type=\"column\">\n\t\t\t<div class=\"elementor-widget-wrap elementor-element-populated\">\n\t\t\t\t\t\t<div class=\"elementor-element elementor-element-16a3461 elementor-widget elementor-widget-heading\" data-id=\"16a3461\" data-element_type=\"widget\" data-e-type=\"widget\" data-widget_type=\"heading.default\">\n\t\t\t\t\t<h2 class=\"elementor-heading-title elementor-size-default\">Mon Carnet de l'actualit\u00e9 num\u00e9rique \u2013 Bruno Guglielminetti<\/h2>\t\t\t\t<\/div>\n\t\t\t\t<div class=\"elementor-element elementor-element-529e112 elementor-widget elementor-widget-heading\" data-id=\"529e112\" data-element_type=\"widget\" data-e-type=\"widget\" data-widget_type=\"heading.default\">\n\t\t\t\t\t<h3 class=\"elementor-heading-title elementor-size-default\">Mon Carnet du 7 juillet 2023<\/h3>\t\t\t\t<\/div>\n\t\t\t\t<div class=\"elementor-element elementor-element-081e5a9 elementor-widget elementor-widget-text-editor\" data-id=\"081e5a9\" data-element_type=\"widget\" data-e-type=\"widget\" data-widget_type=\"text-editor.default\">\n\t\t\t\t\t\t\t\t\t<p>Moncarnet le podcast &#8211; Simbud ou comment s\u2019y retrouver dans l\u2019eSIM (48:22)<\/p>\t\t\t\t\t\t\t\t<\/div>\n\t\t\t\t<div class=\"elementor-element elementor-element-9579959 elementor-widget elementor-widget-html\" data-id=\"9579959\" data-element_type=\"widget\" data-e-type=\"widget\" data-widget_type=\"html.default\">\n\t\t\t\t\t<script src=\"https:\/\/code.jquery.com\/jquery-3.6.0.min.js\"><\/script>\n<script>\nvar $ = jQuery\n$(document).ready(function(){\n    \n$('.elementor-section[link], .elementor-column[link] > .elementor-widget-wrap, .e-con[link], .e-container[link]').on('click', function(){\n    \n    var $this = $(this).hasClass('elementor-widget-wrap') ? $(this).parent() : $(this),\n    link = $this.attr('link'),\n    newtab = $this.attr('newtab'),\n    openIn = typeof newtab !== 'undefined' && newtab !== false ? '_blank' : '_self'\n    \n    window.open(link, openIn)\n})\n})\n<\/script>\n<style>\n.elementor-section[link], .elementor-column[link] > .elementor-widget-wrap, .e-con[link], .e-container[link] {\n    cursor: pointer;\n}\n<\/style>\t\t\t\t<\/div>\n\t\t\t\t\t<\/div>\n\t\t<\/div>\n\t\t\t\t\t<\/div>\n\t\t<\/section>\n\t\t\t\t\t<\/div>\n\t\t<\/div>\n\t\t\t\t\t<\/div>\n\t\t<\/section>\n\t\t\t\t<section class=\"elementor-section elementor-top-section elementor-element elementor-element-ced8fbf elementor-section-boxed elementor-section-height-default elementor-section-height-default\" data-id=\"ced8fbf\" data-element_type=\"section\" data-e-type=\"section\">\n\t\t\t\t\t\t<div class=\"elementor-container elementor-column-gap-default\">\n\t\t\t\t\t<div class=\"elementor-column elementor-col-100 elementor-top-column elementor-element elementor-element-64071c5\" data-id=\"64071c5\" data-element_type=\"column\" data-e-type=\"column\">\n\t\t\t<div class=\"elementor-widget-wrap\">\n\t\t\t\t\t\t\t<\/div>\n\t\t<\/div>\n\t\t\t\t\t<\/div>\n\t\t<\/section>\n\t\t\t\t<\/div>\n\t\t","protected":false},"excerpt":{"rendered":"<p>simbud dans les m\u00e9dias D\u00e9couvrez via des articles de presse comment notre service a \u00e9t\u00e9 reconnu pour son utilit\u00e9, sa fiabilit\u00e9 et son impact positif sur la mani\u00e8re dont les voyageurs connect\u00e9s explorent le monde.\u00a0 985FM Une fa\u00e7on d\u2019\u00e9conomiser sur ses forfaits de donn\u00e9es en vacances: la eSIM. \u00c9coutez le chroniqueur techno Pascal Forget qui [&hellip;]<\/p>\n","protected":false},"author":2,"featured_media":0,"parent":0,"menu_order":0,"comment_status":"closed","ping_status":"closed","template":"","meta":{"footnotes":""},"class_list":["post-11780","page","type-page","status-publish","hentry"],"aioseo_notices":[],"_links":{"self":[{"href":"https:\/\/simbud.com\/fr\/wp-json\/wp\/v2\/pages\/11780","targetHints":{"allow":["GET"]}}],"collection":[{"href":"https:\/\/simbud.com\/fr\/wp-json\/wp\/v2\/pages"}],"about":[{"href":"https:\/\/simbud.com\/fr\/wp-json\/wp\/v2\/types\/page"}],"author":[{"embeddable":true,"href":"https:\/\/simbud.com\/fr\/wp-json\/wp\/v2\/users\/2"}],"replies":[{"embeddable":true,"href":"https:\/\/simbud.com\/fr\/wp-json\/wp\/v2\/comments?post=11780"}],"version-history":[{"count":61,"href":"https:\/\/simbud.com\/fr\/wp-json\/wp\/v2\/pages\/11780\/revisions"}],"predecessor-version":[{"id":14587,"href":"https:\/\/simbud.com\/fr\/wp-json\/wp\/v2\/pages\/11780\/revisions\/14587"}],"wp:attachment":[{"href":"https:\/\/simbud.com\/fr\/wp-json\/wp\/v2\/media?parent=11780"}],"curies":[{"name":"wp","href":"https:\/\/api.w.org\/{rel}","templated":true}]}}