{"id":11241,"date":"2022-07-27T20:29:49","date_gmt":"2022-07-27T20:29:49","guid":{"rendered":"https:\/\/simbud.com\/politique-de-confidentialite\/"},"modified":"2024-10-07T19:19:15","modified_gmt":"2024-10-07T19:19:15","slug":"politique-de-confidentialite","status":"publish","type":"page","link":"https:\/\/simbud.com\/fr\/politique-de-confidentialite\/","title":{"rendered":"Politique de confidentialit\u00e9"},"content":{"rendered":"\t\t<div data-elementor-type=\"wp-page\" data-elementor-id=\"11241\" class=\"elementor elementor-11241 elementor-3\" data-elementor-post-type=\"page\">\n\t\t\t\t<div class=\"elementor-element elementor-element-5e770bf2 e-flex e-con-boxed e-con e-parent\" data-id=\"5e770bf2\" data-element_type=\"container\" data-e-type=\"container\">\n\t\t\t\t\t<div class=\"e-con-inner\">\n\t\t\t\t<div class=\"elementor-element elementor-element-291a46e5 elementor-widget elementor-widget-text-editor\" data-id=\"291a46e5\" data-element_type=\"widget\" data-e-type=\"widget\" data-widget_type=\"text-editor.default\">\n\t\t\t\t\t\t\t\t\t\n<p><em>Notre politique de confidentialit\u00e9 a \u00e9t\u00e9 mise \u00e0 jour et publi\u00e9e pour la derni\u00e8re fois le 14 novembre 2022. Il r\u00e9git les conditions de confidentialit\u00e9 de notre site web.<\/em><\/p>\n\n\n\n<p>Simbud.com prend votre vie priv\u00e9e au s\u00e9rieux. C&rsquo;est pourquoi nous nous effor\u00e7ons de r\u00e9duire la quantit\u00e9 d&rsquo;informations que nous recueillons et de traiter les informations dont nous disposons conform\u00e9ment \u00e0 la pr\u00e9sente politique de protection de la vie priv\u00e9e. La pr\u00e9sente politique de confidentialit\u00e9 vous en dit plus sur les informations que nous recueillons, sur la mani\u00e8re dont nous les utilisons, sur la mani\u00e8re dont nous pouvons les partager et sur la mani\u00e8re dont vous pouvez limiter la collecte de vos informations.<\/p>\n\n\n\n<p>Votre utilisation de ce site web est \u00e9galement r\u00e9gie par vos obligations telles que d\u00e9crites dans la section \u00ab\u00a0Conditions de service\u00a0\u00bb du site web. Nous vous encourageons \u00e0 consulter les pr\u00e9sentes conditions de service ainsi que notre politique en mati\u00e8re de cookies avant d&rsquo;utiliser ce site web.<\/p>\n\n\n\n<p>Dans notre politique de protection de la vie priv\u00e9e, vous trouverez des termes en majuscules. Ces termes ont la signification d\u00e9crite dans la section D\u00e9finitions ci-dessous ou dans nos conditions de service.<\/p>\n\n\n\n<p>Comme mentionn\u00e9 dans nos conditions de service, simbud.com est d\u00e9tenu et exploit\u00e9 par 9293-3092 Qu\u00e9bec Inc. (ci-apr\u00e8s d\u00e9nomm\u00e9 \u00ab\u00a0<strong>PlanHub<\/strong>\u00ab\u00a0).<\/p>\n\n\n\n<h2 class=\"wp-block-heading\"><strong>1. D\u00e9finitions :<\/strong><\/h2>\n\n\n\n<ul>\n<li><strong>Un cookie<\/strong> est un petit \u00e9l\u00e9ment de donn\u00e9es stock\u00e9 sur votre ordinateur ou votre appareil mobile par votre navigateur web. Il s&rsquo;agit d&rsquo;un programme informatique non ex\u00e9cutable qui ne peut pas transporter de virus ni installer de logiciels malveillants. Il est utilis\u00e9 uniquement pour collecter des informations sur l&rsquo;utilisation. Un cookie peut \u00eatre un cookie de session ou un cookie persistant.\n<ul>\n<li>Les <strong>cookies<\/strong> de session sont des cookies temporaires qui sont stock\u00e9s dans votre navigateur jusqu&rsquo;\u00e0 ce que vous fermiez la fen\u00eatre de votre navigateur &#8211; \u00e0 ce moment-l\u00e0, les cookies de session sont effac\u00e9s.<\/li>\n\n\n\n<li>Les <strong>cookies persistants<\/strong> sont utilis\u00e9s pour les visiteurs r\u00e9guliers et sont conserv\u00e9s dans le navigateur de l&rsquo;utilisateur pendant une p\u00e9riode d\u00e9termin\u00e9e (g\u00e9n\u00e9ralement un an ou plus). Ces cookies ne sont pas effac\u00e9s lorsque le navigateur est ferm\u00e9. Ce type de cookie est utilis\u00e9 pour rappeler les pr\u00e9f\u00e9rences de l&rsquo;utilisateur de sorte que chaque fois qu&rsquo;il visite un site, les param\u00e8tres pr\u00e9f\u00e9r\u00e9s de l&rsquo;utilisateur sont automatiquement fournis.<\/li>\n<\/ul>\n<\/li>\n\n\n\n<li>Les informations d&rsquo;utilisation sont des informations qui ne vous identifient pas personnellement et que nous recueillons automatiquement lorsque vous acc\u00e9dez \u00e0 notre site web \u00e0 l&rsquo;aide d&rsquo;un navigateur web. Il peut \u00e9galement s&rsquo;agir d&rsquo;informations accessibles au public qui sont partag\u00e9es entre vous et d&rsquo;autres personnes, par exemple lorsque vous publiez des messages anonymes dans la section des commentaires de notre blog.<\/li>\n\n\n\n<li>Les <strong>informations personnelles<\/strong> sont des informations non publiques qui vous identifient personnellement et qui sont obtenues afin que nous puissions vous fournir des services sur notre site web. Les informations personnelles peuvent inclure des informations telles que votre nom, votre adresse \u00e9lectronique et d&rsquo;autres informations connexes que vous nous fournissez.<\/li>\n\n\n\n<li>Les informations d\u00e9signent collectivement les informations d&rsquo;utilisation et les informations personnelles.<\/li>\n\n\n\n<li>Par <strong>site web<\/strong>, on entend simbud.com et tous ses sous-domaines enregistr\u00e9s.<\/li>\n\n\n\n<li>On entend par <strong>visiteur<\/strong> une personne qui navigue sur notre site web, mais qui ne s&rsquo;inscrit \u00e0 aucun des services propos\u00e9s sur le site web.<\/li>\n<\/ul>\n\n\n\n<h2 class=\"wp-block-heading\"><strong>2. Les informations que nous recueillons :<\/strong><\/h2>\n\n\n\n<p>En r\u00e8gle g\u00e9n\u00e9rale, vous contr\u00f4lez la quantit\u00e9 et le type d&rsquo;informations que vous nous fournissez lorsque vous utilisez notre site web.<\/p>\n\n\n\n<h3 class=\"wp-block-heading\"><strong>2.1. Informations recueillies aupr\u00e8s d&rsquo;un visiteur :<\/strong><\/h3>\n\n\n\n<p>En tant que visiteur de notre site web, vous n&rsquo;\u00eates pas tenu de nous fournir des informations personnelles.<\/p>\n\n\n\n<p>Toutefois, lorsque vous utilisez notre site web, nous recueillons, par le biais de cookies plac\u00e9s par nos partenaires d&rsquo;analyse tels que Google Analytics, certaines informations d&rsquo;utilisation gr\u00e2ce \u00e0 l&rsquo;interaction de votre t\u00e9l\u00e9phone portable ou de votre navigateur web avec notre site web. Les cookies utilis\u00e9s peuvent \u00eatre des cookies de session ou des cookies persistants et les informations collect\u00e9es comprennent des informations telles que :<\/p>\n\n\n\n<ul>\n<li>La dur\u00e9e de votre visite, les chemins de navigation sur le site web ainsi que des informations sur le moment, la fr\u00e9quence et le mod\u00e8le de votre utilisation de notre site web ;<\/li>\n\n\n\n<li>Le type et la version du navigateur ou de l&rsquo;appareil mobile que vous utilisez ;<\/li>\n\n\n\n<li>Votre fournisseur d&rsquo;acc\u00e8s \u00e0 Internet ;<\/li>\n\n\n\n<li>Le syst\u00e8me d&rsquo;exploitation de votre appareil ;<\/li>\n\n\n\n<li>Les pr\u00e9f\u00e9rences que vous indiquez lors de votre visite sur notre site Web, telles que le choix de la langue, de la province, etc ;<\/li>\n\n\n\n<li>Le site web \u00e0 partir duquel vous \u00eates entr\u00e9 et o\u00f9 vous vous rendez \u00e0 partir de notre site. Toutefois, nous ne suivons pas votre activit\u00e9 sur les sites web que vous visitez apr\u00e8s votre visite sur notre site web.<\/li>\n<\/ul>\n\n\n\n<p>Certains cookies sont n\u00e9cessaires \u00e0 l&rsquo;utilisation du site web. Il s&rsquo;agit g\u00e9n\u00e9ralement de cookies de session qui ne n\u00e9cessitent pas votre consentement pr\u00e9alable. Ces cookies de session expirent apr\u00e8s que vous avez quitt\u00e9 la page d&rsquo;accueil. Les cookies persistants et les cookies de tiers peuvent n\u00e9cessiter votre consentement pr\u00e9alable pour suivre les choix que vous avez faits sur le site web et vos pr\u00e9f\u00e9rences.  <\/p>\n\n\n\n<p>Pour en savoir plus sur les diff\u00e9rents types de cookies que nous utilisons et sur leur finalit\u00e9, veuillez consulter notre <a href=\"https:\/\/simbud.com\/fr\/politique-en-matiere-de-cookies\/\">\n  <strong>Politique en mati\u00e8re de cookies<\/strong>\n<\/a>.<\/p>\n\n\n\n<h3 class=\"wp-block-heading\"><strong>2.2. Les informations collect\u00e9es lorsque vous vous inscrivez \u00e0 l&rsquo;un de nos produits ou services :<\/strong><\/h3>\n\n\n\n<p>Nous recueillons des informations personnelles lorsque vous vous inscrivez \u00e0 l&rsquo;un de nos produits ou services, tels que nos alertes sur les plans ou d&rsquo;autres services et bulletins d&rsquo;information. Toutefois, nous ne recueillons ces informations qu&rsquo;en toute connaissance de cause et avec votre consentement. Comme d\u00e9crit dans la section 4 ci-dessous, vous avez le droit de retirer votre consentement \u00e0 tout moment.<\/p>\n\n\n\n<p>Les informations personnelles que nous recueillons peuvent comprendre<\/p>\n\n\n\n<ul>\n<li>Vos coordonn\u00e9es, telles que votre nom complet, votre adresse \u00e9lectronique, etc.<\/li>\n\n\n\n<li>Votre facture et autres d\u00e9tails d&rsquo;utilisation<\/li>\n\n\n\n<li>Toute autre information que vous nous fournissez d\u00e9lib\u00e9r\u00e9ment.<\/li>\n<\/ul>\n\n\n\n<h2 class=\"wp-block-heading\"><strong>3. Comment nous utilisons vos informations :<\/strong><\/h2>\n\n\n\n<ul>\n<li><strong>Vos informations nous aident \u00e0 mieux vous servir.<\/strong><\/li>\n<\/ul>\n\n\n\n<p>Les informations d&rsquo;utilisation que nous recueillons aupr\u00e8s de nos visiteurs nous permettent d&rsquo;\u00e9tudier les comportements des clients afin de mieux r\u00e9pondre \u00e0 leurs besoins et \u00e0 leurs pr\u00e9f\u00e9rences, de d\u00e9velopper ou d&rsquo;am\u00e9liorer nos produits et nos offres, ou d&rsquo;en cr\u00e9er de nouveaux.<\/p>\n\n\n\n<p>Les informations d&rsquo;utilisation nous permettent \u00e9galement de personnaliser le contenu que vous voyez sur notre site web en fonction des choix que vous faites sur le site web et de m\u00e9moriser les param\u00e8tres que vous s\u00e9lectionnez sur notre site web, tels que la langue et la province, afin que vous n&rsquo;ayez pas \u00e0 les modifier \u00e0 chaque fois que vous le visitez. Comme la plupart des sites web commerciaux, et comme indiqu\u00e9 dans notre <a href=\"https:\/\/www.planhub.ca\/planhub\/cookie\">\n  <strong>Politique en mati\u00e8re de cookies<\/strong>\n<\/a>nous pouvons utiliser des cookies pour afficher des publicit\u00e9s et des offres qui refl\u00e8tent vos pr\u00e9f\u00e9rences et votre historique de recherche sur le site web.<\/p>\n\n\n\n<ul>\n<li><strong>Agr\u00e9gation de donn\u00e9es.<\/strong><\/li>\n<\/ul>\n\n\n\n<p>Les informations que nous recueillons aupr\u00e8s de vous sont toujours agr\u00e9g\u00e9es et ne font jamais l&rsquo;objet d&rsquo;une \u00e9tude individuelle. La source de ces donn\u00e9es d&rsquo;utilisation est Google Analytics, une plateforme d&rsquo;analyse largement utilis\u00e9e pour analyser le site Web et les services. Nous conservons le droit de vendre ou de partager ces donn\u00e9es agr\u00e9g\u00e9es. Ces donn\u00e9es agr\u00e9g\u00e9es ne peuvent pas \u00eatre utilis\u00e9es pour vous identifier personnellement.<\/p>\n\n\n\n<p>Vos donn\u00e9es personnelles sont utilis\u00e9es dans d&rsquo;autres circonstances, comme indiqu\u00e9 ci-dessous :<\/p>\n\n\n\n<ul>\n<li><strong>Pour vous fournir nos produits et services.<\/strong><\/li>\n<\/ul>\n\n\n\n<p>En ce qui concerne vos informations personnelles, nous ne recueillons que ce qui est strictement n\u00e9cessaire pour vous fournir les produits et services que vous avez demand\u00e9s.<\/p>\n\n\n\n<ul>\n<li><strong>Nous ne vendons pas vos informations personnelles.<\/strong><\/li>\n<\/ul>\n\n\n\n<p>Nous ne vendons pas, ne conc\u00e9dons pas de licence et ne fournissons pas vos informations personnelles \u00e0 des tiers \u00e0 des fins de marketing. Tous les courriels et num\u00e9ros de t\u00e9l\u00e9phone figurant dans notre base de donn\u00e9es sont conformes \u00e0 la l\u00e9gislation canadienne anti-pourriel (CASL).<\/p>\n\n\n\n<p>Toutefois, nous pouvons divulguer vos informations dans certaines circonstances d\u00e9finies, comme d\u00e9crit dans la section 6 de la pr\u00e9sente politique de confidentialit\u00e9.<\/p>\n\n\n\n<ul>\n<li><strong>Nous ne conservons vos informations personnelles que le temps n\u00e9cessaire :<\/strong><\/li>\n<\/ul>\n\n\n\n<p>Nous ne conservons vos informations personnelles qu&rsquo;aussi longtemps que n\u00e9cessaire pour atteindre les objectifs pour lesquels elles ont \u00e9t\u00e9 collect\u00e9es ou aussi longtemps que la loi l&rsquo;exige.<\/p>\n\n\n\n<p>Par la suite, vos informations personnelles seront d\u00e9truites ou \u00ab\u00a0anonymis\u00e9es\u00a0\u00bb, ce qui signifie que seules des donn\u00e9es statistiques de base ne permettant pas de remonter jusqu&rsquo;\u00e0 vous seront conserv\u00e9es.<\/p>\n\n\n\n<p>Si nous avons l&rsquo;intention d&rsquo;utiliser vos informations personnelles \u00e0 des fins qui ne sont pas sp\u00e9cifi\u00e9es dans notre politique de protection de la vie priv\u00e9e, nous ferons tous les efforts l\u00e9gaux et raisonnables pour obtenir votre consentement pr\u00e9alable.<\/p>\n\n\n\n<h2 class=\"wp-block-heading\"><strong>4. Votre consentement et le contr\u00f4le de vos informations personnelles :<\/strong><\/h2>\n\n\n\n<p>Votre consentement est primordial et nous ne collecterons jamais vos informations personnelles sans votre consentement explicite ou implicite.<\/p>\n\n\n\n<p>Lorsque vous utilisez ce site web et que vous nous fournissez vos donn\u00e9es, cela implique que vous consentez \u00e0 ce que nous utilisions vos donn\u00e9es conform\u00e9ment aux conditions \u00e9nonc\u00e9es dans la pr\u00e9sente politique de confidentialit\u00e9, dans notre politique en mati\u00e8re de cookies et dans nos conditions de service.<\/p>\n\n\n\n<p>Toutefois, dans la mesure du possible et du raisonnable, nous vous demanderons votre consentement ou vous informerons \u00e0 chaque \u00e9tape de votre interaction avec le site web qui donne lieu \u00e0 la collecte d&rsquo;informations personnelles. Cela peut se faire \u00e0 deux moments diff\u00e9rents :<\/p>\n\n\n\n<ul>\n<li>Bien que nous ne recueillions jamais d&rsquo;informations personnelles par le biais de cookies, nous vous informerons, lors de votre premier acc\u00e8s au site web, de l&rsquo;utilisation que nous faisons des cookies. Vous aurez alors la possibilit\u00e9 de d\u00e9sactiver les cookies en modifiant les param\u00e8tres de votre navigateur. Si vous choisissez de d\u00e9sactiver les cookies, certaines parties de notre site web pourraient ne pas fonctionner comme pr\u00e9vu ou ne pas fonctionner du tout.<\/li>\n\n\n\n<li>Lorsque vous vous inscrivez \u00e0 un service sur le site web, tel que nos plans d&rsquo;alerte, que vous participez \u00e0 une enqu\u00eate ou \u00e0 un concours sur le site web et que vous nous fournissez volontairement vos informations personnelles, nous vous demanderons votre consentement explicite ou vous donnerons la possibilit\u00e9 de refuser tout courriel de marketing de notre part ou de la part de nos partenaires d&rsquo;enqu\u00eate ou de concours.<br>M\u00eame apr\u00e8s avoir donn\u00e9 votre consentement, vous avez le droit de le retirer \u00e0 tout moment en s\u00e9lectionnant l&rsquo;option \u00ab\u00a0se d\u00e9sinscrire\u00a0\u00bb dans toute notification par courrier \u00e9lectronique \u00e9manant de nous ou de nos partenaires. Vous pouvez \u00e9galement retirer votre consentement en nous \u00e9crivant \u00e0 l&rsquo;adresse suivante <a href=\"mailto:privacy@planhub.ca\">\n  <strong>privacy@planhub.ca<\/strong>\n<\/a><strong>.<\/strong><\/li>\n<\/ul>\n\n\n\n<h2 class=\"wp-block-heading\"><strong>5. S\u00e9curit\u00e9 des donn\u00e9es :<\/strong><\/h2>\n\n\n\n<p>Pour prot\u00e9ger vos informations personnelles contre le vol de donn\u00e9es et les regards indiscrets, nous veillons \u00e0 ce que nous soyons g\u00e9n\u00e9ralement les seuls \u00e0 conserver vos informations personnelles. Vos informations personnelles sont conserv\u00e9es dans des bases de donn\u00e9es soumises \u00e0 des proc\u00e9dures de contr\u00f4le strictes et prot\u00e9g\u00e9es par des technologies de s\u00e9curit\u00e9 r\u00e9guli\u00e8rement mises \u00e0 jour. Tous les affili\u00e9s avec lesquels nous travaillons et qui peuvent avoir acc\u00e8s \u00e0 vos informations sont r\u00e9gis par des accords de confidentialit\u00e9 limitant l&rsquo;utilisation et la diffusion de ces informations.<\/p>\n\n\n\n<p>Si, malgr\u00e9 tous nos efforts et en dehors de notre contr\u00f4le, il y a une violation de donn\u00e9es qui affecte ou a le potentiel d&rsquo;affecter vos informations personnelles, en plus de faire tout ce qui est en notre pouvoir pour r\u00e9duire l&rsquo;\u00e9tendue de la violation et y rem\u00e9dier, nous vous informerons de la violation d\u00e8s que possible et dans la mesure du possible.  <\/p>\n\n\n\n<p>Bien que nous nous efforcions de prot\u00e9ger vos informations personnelles, nous ne pouvons garantir la s\u00e9curit\u00e9 des informations personnelles que vous partagez avec nous par l&rsquo;interm\u00e9diaire de notre site web et ne pouvons \u00eatre tenus responsables de la perte, du vol, de l&rsquo;acc\u00e8s non autoris\u00e9, de la divulgation, de la copie, de l&rsquo;utilisation ou de la modification de vos informations personnelles, sauf si cela r\u00e9sulte d&rsquo;une n\u00e9gligence grave ou d&rsquo;une faute intentionnelle de notre part, \u00e0 moins que la loi n&rsquo;en dispose autrement.<\/p>\n\n\n\n<h2 class=\"wp-block-heading\"><strong>6. Partage de vos informations personnelles :<\/strong><\/h2>\n\n\n\n<p>En r\u00e8gle g\u00e9n\u00e9rale, comme indiqu\u00e9 au point 3.4 ci-dessus, nous ne divulguons pas vos informations personnelles \u00e0 des fins de marketing sans votre consentement explicite. Toutefois, dans certaines circonstances, nous pouvons divulguer vos informations personnelles \u00e0 des tiers, notamment dans les cas suivants :<\/p>\n\n\n\n<ul>\n<li>Nous pouvons fournir vos informations personnelles \u00e0 des soci\u00e9t\u00e9s affili\u00e9es qui nous fournissent des services en rapport avec notre site web (c&rsquo;est-\u00e0-dire des soci\u00e9t\u00e9s de traitement des paiements, des soci\u00e9t\u00e9s de traitement des donn\u00e9es, des soci\u00e9t\u00e9s d&rsquo;h\u00e9bergement de sites web, etc.) Ces affili\u00e9s ne recevront que les informations n\u00e9cessaires \u00e0 la fourniture de leurs services respectifs et seront li\u00e9s par des accords de confidentialit\u00e9 limitant l&rsquo;utilisation de ces informations.<\/li>\n\n\n\n<li>Nous pouvons divulguer vos informations personnelles dans des circonstances o\u00f9 nous sommes l\u00e9galement tenus de le faire. Pour plus d&rsquo;informations sur ces circonstances, veuillez vous r\u00e9f\u00e9rer \u00e0 la section 7 de la pr\u00e9sente politique de protection de la vie priv\u00e9e.<\/li>\n<\/ul>\n\n\n\n<p>Si vous nous fournissez des informations personnelles pour participer \u00e0 une enqu\u00eate ou \u00e0 un concours que nous organisons sur le site web, nous pouvons partager ces informations avec nos partenaires de l&rsquo;enqu\u00eate ou du concours et ceux-ci peuvent vous contacter. Toutefois, comme indiqu\u00e9 au point 4.2, vous avez la possibilit\u00e9 de retirer votre consentement \u00e0 ces partenaires de concours afin de ne plus \u00eatre contact\u00e9 par eux.<\/p>\n\n\n\n<h2 class=\"wp-block-heading\"><strong>7. Communication d&rsquo;informations exig\u00e9e par la loi :<\/strong><\/h2>\n\n\n\n<p>Comme indiqu\u00e9 dans la section 6 ci-dessus, il peut y avoir des circonstances dans lesquelles nous pouvons \u00eatre l\u00e9galement tenus de divulguer des informations personnelles. Voici quelques exemples de ces circonstances :<\/p>\n\n\n\n<ul>\n<li>les situations d&rsquo;urgence dans lesquelles votre vie, votre sant\u00e9 ou votre s\u00e9curit\u00e9, ou celles d&rsquo;autres personnes, peuvent \u00eatre menac\u00e9es ;<\/li>\n\n\n\n<li>la divulgation est dans votre int\u00e9r\u00eat et vous n&rsquo;\u00eates pas en mesure de donner votre consentement en temps utile ;<\/li>\n\n\n\n<li>la divulgation est requise par la loi ou pour se conformer \u00e0 une citation \u00e0 compara\u00eetre, \u00e0 un mandat ou \u00e0 une autre ordonnance d&rsquo;un tribunal ou d&rsquo;un organisme comp\u00e9tent pour exiger la divulgation ;<\/li>\n\n\n\n<li>la divulgation est n\u00e9cessaire pour aider les autorit\u00e9s charg\u00e9es de l&rsquo;application de la loi ou les agences gouvernementales charg\u00e9es de l&rsquo;application de la loi ;<\/li>\n\n\n\n<li>la divulgation est n\u00e9cessaire pour enqu\u00eater sur des violations des conditions de service de notre site web ou pour les faire respecter ;<\/li>\n\n\n\n<li>la divulgation est n\u00e9cessaire pour recouvrer toute somme qui nous est due ou pour nous prot\u00e9ger contre des actions en justice ou des r\u00e9clamations de tiers, y compris vous et\/ou d&rsquo;autres personnes ; et\/ou<\/li>\n\n\n\n<li>la divulgation est n\u00e9cessaire pour prot\u00e9ger les droits l\u00e9gaux, les biens personnels et r\u00e9els ou la s\u00e9curit\u00e9 personnelle de 9293-3092 Qu\u00e9bec Inc. (PlanHub), de ses utilisateurs, de ses employ\u00e9s et de ses affili\u00e9s.<\/li>\n<\/ul>\n\n\n\n<h2 class=\"wp-block-heading\"><strong>8. Liens vers d&rsquo;autres sites web :<\/strong><\/h2>\n\n\n\n<p>Notre site web peut contenir des liens vers d&rsquo;autres sites web qui ne sont pas sous notre contr\u00f4le direct. Ces sites web ne sont pas r\u00e9gis par la pr\u00e9sente politique de confidentialit\u00e9 et disposent de leurs propres politiques en la mati\u00e8re. Nous n&rsquo;avons aucun contr\u00f4le ni aucune responsabilit\u00e9 sur les sites web li\u00e9s et nous fournissons ces liens uniquement pour la commodit\u00e9 et l&rsquo;information de nos visiteurs. Vous devriez vous familiariser avec les politiques de confidentialit\u00e9 respectives de ces sites web, pour savoir comment leurs op\u00e9rateurs utiliseront vos informations personnelles. En outre, ces sites web peuvent contenir un lien vers les sites web de nos affili\u00e9s. Les sites web de nos affili\u00e9s ne sont pas soumis \u00e0 la pr\u00e9sente politique de protection de la vie priv\u00e9e et vous devez consulter leur politique de protection de la vie priv\u00e9e individuelle pour savoir comment les op\u00e9rateurs de ces sites web utiliseront vos informations personnelles.<\/p>\n\n\n\n<h2 class=\"wp-block-heading\"><strong>9. Vous avez acc\u00e8s \u00e0 toutes vos donn\u00e9es personnelles et avez le droit de les rectifier<\/strong><\/h2>\n\n\n\n<p>Sur pr\u00e9sentation d&rsquo;une demande \u00e9crite \u00e0 <a href=\"mailto:privacy@planhub.ca\">\n  <strong>privacy@planhub.ca<\/strong>\n<\/a> nous vous fournirons une liste des informations personnelles contenues dans votre dossier une fois que nous serons en mesure de confirmer votre identit\u00e9 de mani\u00e8re appropri\u00e9e.<\/p>\n\n\n\n<p>Ces informations seront fournies conform\u00e9ment aux lois applicables, dans un format lisible et compr\u00e9hensible, dans un d\u00e9lai raisonnable et pour un co\u00fbt minimal ou nul.<\/p>\n\n\n\n<p>Si vos informations personnelles ne sont pas totalement exactes, vous pouvez demander \u00e0 les mettre \u00e0 jour ou \u00e0 les modifier \u00e0 tout moment.<\/p>\n\n\n\n<h2 class=\"wp-block-heading\"><strong>10. Mises \u00e0 jour de la politique de confidentialit\u00e9<\/strong><\/h2>\n\n\n\n<p>Nous pouvons modifier la pr\u00e9sente politique de confidentialit\u00e9 de temps \u00e0 autre, \u00e0 notre seule discr\u00e9tion. Nous vous conseillons de consulter r\u00e9guli\u00e8rement la pr\u00e9sente politique de protection de la vie priv\u00e9e.<\/p>\n\n\n\n<p>Si nous apportons des modifications importantes \u00e0 cette politique, nous vous en informerons sur notre site web, par un billet de blog, par courrier \u00e9lectronique ou par toute autre m\u00e9thode de notre choix. Nous modifierons \u00e9galement la date de \u00ab\u00a0derni\u00e8re mise \u00e0 jour\u00a0\u00bb figurant au d\u00e9but de la pr\u00e9sente politique de confidentialit\u00e9.<\/p>\n\n\n\n<p>Toute modification apport\u00e9e \u00e0 notre politique de confidentialit\u00e9 entre en vigueur \u00e0 compter de la date de la derni\u00e8re mise \u00e0 jour et remplace toute politique de confidentialit\u00e9 ant\u00e9rieure.<\/p>\n\n\n\n<h2 class=\"wp-block-heading\"><strong>11. Contactez-nous.<\/strong><\/h2>\n\n\n\n<p>Si vous avez d&rsquo;autres questions ou si vous estimez que Simbud n&rsquo;a pas adh\u00e9r\u00e9 aux principes \u00e9nonc\u00e9s dans ses politiques, vous pouvez communiquer avec notre responsable de la protection des renseignements personnels, Guillaume Marcade, par courrier au 405, avenue Ogilvy #101, Montr\u00e9al (QC) H3N 1M3 ou par courriel \u00e0 <a href=\"mailto:privacy@planhub.ca\"><strong><u>privacy@planhub.ca<\/u><\/strong> <\/a><strong>.<\/strong><\/p>\n\n\n\n<p>Nous examinerons toutes les plaintes relatives au respect de la pr\u00e9sente politique et prendrons des mesures en cons\u00e9quence, y compris, si n\u00e9cessaire, en apportant des modifications \u00e0 nos conditions juridiques ou \u00e0 nos pratiques. Dans tous les cas, vous serez inform\u00e9 des r\u00e9sultats de l&rsquo;enqu\u00eate sur votre plainte.<\/p>\n\n\n\n<p>Si vous n&rsquo;\u00eates pas satisfait de la d\u00e9cision prise par PlanHub en r\u00e9ponse \u00e0 votre plainte, vous pouvez adresser vos pr\u00e9occupations au Commissariat \u00e0 la protection de la vie priv\u00e9e du Canada, 112 Kent Street, Place de Ville, Tour B, 3e \u00e9tage, Ottawa, Ontario, K1A 1H3.<\/p>\n\t\t\t\t\t\t\t\t<\/div>\n\t\t\t\t\t<\/div>\n\t\t\t\t<\/div>\n\t\t\t\t<\/div>\n\t\t","protected":false},"excerpt":{"rendered":"<p>Notre politique de confidentialit\u00e9 a \u00e9t\u00e9 mise \u00e0 jour et publi\u00e9e pour la derni\u00e8re fois le 14 novembre 2022. Il r\u00e9git les conditions de confidentialit\u00e9 de notre site web. Simbud.com prend votre vie priv\u00e9e au s\u00e9rieux. C&rsquo;est pourquoi nous nous effor\u00e7ons de r\u00e9duire la quantit\u00e9 d&rsquo;informations que nous recueillons et de traiter les informations dont [&hellip;]<\/p>\n","protected":false},"author":1,"featured_media":0,"parent":0,"menu_order":0,"comment_status":"closed","ping_status":"open","template":"","meta":{"footnotes":""},"class_list":["post-11241","page","type-page","status-publish","hentry"],"aioseo_notices":[],"_links":{"self":[{"href":"https:\/\/simbud.com\/fr\/wp-json\/wp\/v2\/pages\/11241","targetHints":{"allow":["GET"]}}],"collection":[{"href":"https:\/\/simbud.com\/fr\/wp-json\/wp\/v2\/pages"}],"about":[{"href":"https:\/\/simbud.com\/fr\/wp-json\/wp\/v2\/types\/page"}],"author":[{"embeddable":true,"href":"https:\/\/simbud.com\/fr\/wp-json\/wp\/v2\/users\/1"}],"replies":[{"embeddable":true,"href":"https:\/\/simbud.com\/fr\/wp-json\/wp\/v2\/comments?post=11241"}],"version-history":[{"count":8,"href":"https:\/\/simbud.com\/fr\/wp-json\/wp\/v2\/pages\/11241\/revisions"}],"predecessor-version":[{"id":14678,"href":"https:\/\/simbud.com\/fr\/wp-json\/wp\/v2\/pages\/11241\/revisions\/14678"}],"wp:attachment":[{"href":"https:\/\/simbud.com\/fr\/wp-json\/wp\/v2\/media?parent=11241"}],"curies":[{"name":"wp","href":"https:\/\/api.w.org\/{rel}","templated":true}]}}