{"id":11237,"date":"2022-11-14T20:59:17","date_gmt":"2022-11-14T20:59:17","guid":{"rendered":"https:\/\/simbud.com\/politique-en-matiere-de-cookies\/"},"modified":"2024-10-07T19:19:29","modified_gmt":"2024-10-07T19:19:29","slug":"politique-en-matiere-de-cookies","status":"publish","type":"page","link":"https:\/\/simbud.com\/fr\/politique-en-matiere-de-cookies\/","title":{"rendered":"Politique en mati\u00e8re de cookies"},"content":{"rendered":"\t\t<div data-elementor-type=\"wp-page\" data-elementor-id=\"11237\" class=\"elementor elementor-11237 elementor-10802\" data-elementor-post-type=\"page\">\n\t\t\t\t<div class=\"elementor-element elementor-element-7b13b34e e-flex e-con-boxed e-con e-parent\" data-id=\"7b13b34e\" data-element_type=\"container\" data-e-type=\"container\">\n\t\t\t\t\t<div class=\"e-con-inner\">\n\t\t\t\t<div class=\"elementor-element elementor-element-7fa7901d elementor-widget elementor-widget-text-editor\" data-id=\"7fa7901d\" data-element_type=\"widget\" data-e-type=\"widget\" data-widget_type=\"text-editor.default\">\n\t\t\t\t\t\t\t\t\t\n<p>Notre politique en mati\u00e8re de cookies a \u00e9t\u00e9 mise \u00e0 jour et publi\u00e9e pour la derni\u00e8re fois le 14 novembre 2022.<\/p>\n\n<p>Cette politique en mati\u00e8re de cookies est con\u00e7ue pour vous donner plus d&rsquo;informations sur les cookies que nous utilisons sur simbud.com et nos sous-domaines enregistr\u00e9s (\u00ab\u00a0<strong>site web<\/strong>\u00ab\u00a0). Notre utilisation des informations recueillies par le biais des cookies est r\u00e9gie par notre politique de confidentialit\u00e9. Nous vous encourageons \u00e0 vous y r\u00e9f\u00e9rer pour plus de d\u00e9tails sur la mani\u00e8re dont nous utilisons vos informations.<\/p>\n\n<p>Comme mentionn\u00e9 dans nos conditions de service, simbud.com est d\u00e9tenu et exploit\u00e9 par 9293-3092 Qu\u00e9bec Inc. (ci-apr\u00e8s d\u00e9nomm\u00e9 \u00ab\u00a0<strong>PlanHub<\/strong>\u00ab\u00a0).<\/p>\n\n<p>En utilisant ou en acc\u00e9dant \u00e0 notre site web, vous consentez \u00e0 ce que <strong>PlanHub<\/strong>utilise des cookies comme indiqu\u00e9 ci-dessous.<\/p>\n\n<p>Lorsque vous utilisez l&rsquo;un de nos services sur notre site Web, nos sites mobiles ou nos applications mobiles, nous pouvons collecter des informations \u00e0 l&rsquo;aide de cookies. Nous utilisons ces informations afin d&rsquo;am\u00e9liorer nos produits et de vous fournir un service plus personnalis\u00e9.<\/p>\n\n<h2><strong>1 &#8211; Qu&rsquo;est-ce qu&rsquo;un cookie ?<\/strong><\/h2>\n\n<p>Les cookies sont de petits fichiers de chiffres et de lettres qui sont stock\u00e9s dans le navigateur d&rsquo;un utilisateur lorsqu&rsquo;il visite un site web, \u00e0 des fins d&rsquo;archivage. Lorsqu&rsquo;un utilisateur revient sur le site web, son navigateur renvoie ces fichiers au site web, ce qui permet d&rsquo;afficher un contenu personnalis\u00e9 sur l&rsquo;\u00e9cran de l&rsquo;utilisateur.<\/p>\n\n<p>Les \u00ab\u00a0<strong>cookies de session<\/strong>\u00a0\u00bb sont des cookies temporaires qui restent dans le fichier de cookies de votre navigateur jusqu&rsquo;\u00e0 ce que vous quittiez le site web.<\/p>\n\n<p>Les \u00ab\u00a0<strong>cookies persistants<\/strong>\u00a0\u00bb restent dans le fichier de cookies de votre navigateur pendant beaucoup plus longtemps (la dur\u00e9e de vie d\u00e9pend de la dur\u00e9e de vie du cookie en question). Ces cookies ne sont pas effac\u00e9s lorsque le navigateur est ferm\u00e9. Ce type de cookie est utilis\u00e9 pour rappeler les pr\u00e9f\u00e9rences de l&rsquo;utilisateur de sorte que chaque fois qu&rsquo;il visite un site, les param\u00e8tres pr\u00e9f\u00e9r\u00e9s de l&rsquo;utilisateur sont automatiquement fournis.<\/p>\n\n<h2><strong>2 &#8211; Comment utilisons-nous les cookies ?<\/strong><\/h2>\n\n<p>Comme la plupart des sites web, nous utilisons des cookies \u00e0 diverses fins afin d&rsquo;am\u00e9liorer votre exp\u00e9rience en ligne, \u00e0 des fins d&rsquo;analyse et de marketing.<\/p>\n\n<p>Lorsque nous utilisons des cookies de session pour suivre le nombre total de visiteurs de notre site web, nous le faisons sur une base agr\u00e9g\u00e9e anonyme (car les cookies ne contiennent pas en eux-m\u00eames de donn\u00e9es personnelles).  <\/p>\n\n<p>Nous pouvons \u00e9galement utiliser des cookies pour m\u00e9moriser votre ordinateur lorsqu&rsquo;il est utilis\u00e9 pour revenir sur le site Web afin de personnaliser votre exp\u00e9rience Simbud. Dans ces cas, nous pouvons associer des informations personnelles \u00e0 un fichier cookie.  <\/p>\n\n<p>Plus pr\u00e9cis\u00e9ment, nous utilisons des cookies sur le site Web aux fins suivantes :<\/p>\n\n<figure class=\"wp-block-table\"><table><tbody><tr><td>Objectifs analytiques<\/td><td>Nous utilisons des cookies pour analyser l&rsquo;activit\u00e9 des utilisateurs afin d&rsquo;am\u00e9liorer le site web. Par exemple, nous pouvons utiliser des cookies pour \u00e9tudier des mod\u00e8les globaux tels que le nombre moyen de recherches effectu\u00e9es par les utilisateurs. Nous pouvons utiliser cette analyse pour mieux comprendre comment am\u00e9liorer la fonctionnalit\u00e9 et l&rsquo;exp\u00e9rience de l&rsquo;utilisateur du site web.<\/td><\/tr><tr><td>Vos pr\u00e9f\u00e9rences et l&rsquo;exp\u00e9rience de l&rsquo;utilisateur<\/td><td>Nous utilisons des cookies pour recueillir certaines informations sur les utilisateurs, telles que le type de navigateur, le serveur, les pr\u00e9f\u00e9rences linguistiques et les param\u00e8tres de la province, afin de m\u00e9moriser les pr\u00e9f\u00e9rences de l&rsquo;utilisateur sur notre site web et de rendre votre exp\u00e9rience utilisateur plus coh\u00e9rente et plus pratique. Par exemple, nous pouvons stocker les recherches r\u00e9centes que vous avez effectu\u00e9es dans un cookie afin de vous permettre de r\u00e9p\u00e9ter facilement ces recherches lorsque vous revenez sur notre site web.<\/td><\/tr><tr><td>Marketing<\/td><td>Nous utilisons des cookies de partenaires tiers tels que Google et Doubleclick \u00e0 des fins de marketing. Ces cookies nous permettent d&rsquo;afficher du mat\u00e9riel promotionnel Simbud sur d&rsquo;autres sites que vous visitez sur Internet. Nous pouvons \u00e9galement partager des informations sur votre comportement sur le site web avec des tiers (y compris des op\u00e9rateurs de sites web tiers et\/ou de sites de r\u00e9seaux sociaux) afin de vous montrer des publicit\u00e9s cibl\u00e9es et d&rsquo;autres contenus qui ont \u00e9t\u00e9 personnalis\u00e9s pour vous.<\/td><\/tr><tr><td>Suivi des r\u00e9f\u00e9rences<\/td><td>Nous utilisons des cookies pour associer l&rsquo;activit\u00e9 de l&rsquo;utilisateur au site web tiers qui a renvoy\u00e9 l&rsquo;utilisateur \u00e0 notre site web, ou pour associer l&rsquo;activit\u00e9 de l&rsquo;utilisateur que Simbud a renvoy\u00e9 \u00e0 un site web tiers. Ces sites partenaires tiers sont cr\u00e9dit\u00e9s de l&rsquo;activit\u00e9 des utilisateurs qu&rsquo;ils renvoient vers notre site web, ou donnent \u00e0 Simbud un cr\u00e9dit pour l&rsquo;activit\u00e9 des utilisateurs renvoy\u00e9s vers ces sites tiers. Nous ne partageons pas d&rsquo;informations personnelles ou d&rsquo;informations sur les activit\u00e9s des utilisateurs individuels avec ces entit\u00e9s partenaires. Nous utilisons \u00e9galement des cookies pour associer l&rsquo;activit\u00e9 de l&rsquo;utilisateur \u00e0 la campagne de courrier \u00e9lectronique qui l&rsquo;a dirig\u00e9 vers notre site web.<\/td><\/tr><tr><td>Objectifs de s\u00e9curit\u00e9<\/td><td>Nous pouvons utiliser des cookies pour limiter certains types de cyberattaques.<\/td><\/tr><tr><td>Essais, facilit\u00e9 d&rsquo;utilisation et am\u00e9lioration des performances<\/td><td>Nous utilisons des cookies pour garantir aux utilisateurs une exp\u00e9rience coh\u00e9rente pendant que nous effectuons des tests A\/B sur certains aspects de notre site web afin d&rsquo;am\u00e9liorer nos services et nos offres de produits. Nous utilisons \u00e9galement des cookies pour am\u00e9liorer les performances et la fiabilit\u00e9 de notre site web.<\/td><\/tr><tr><td>Pr\u00e9vention de la fraude et du spam<\/td><td>Nous utilisons des cookies lors des contr\u00f4les et des enqu\u00eates sur les fraudes. Une partie de notre suivi des cookies\/appareils se fait par l&rsquo;interm\u00e9diaire de fournisseurs tiers, tandis que d&rsquo;autres fois, nous utilisons nos propres index pour identifier l&rsquo;activit\u00e9 li\u00e9e \u00e0 des cookies sp\u00e9cifiques.<\/td><\/tr><\/tbody><\/table><\/figure>\n\n<h2><strong>3 &#8211; Comment g\u00e9rer mes pr\u00e9f\u00e9rences en mati\u00e8re de cookies ?<\/strong><\/h2>\n\n<p>Si vous d\u00e9cidez d&#8217;emp\u00eacher les cookies d&rsquo;\u00eatre stock\u00e9s dans votre navigateur, veuillez noter qu&rsquo;il se peut que vous ne puissiez pas utiliser certaines des fonctions cl\u00e9s de notre site web. Toutefois, vous pourrez toujours effectuer des recherches de base.<\/p>\n\n<p>Si vous souhaitez contr\u00f4ler ou emp\u00eacher l&rsquo;installation de cookies dans votre navigateur, vous pouvez modifier les param\u00e8tres de votre navigateur pour recevoir des notifications lorsque des cookies sont utilis\u00e9s ou pour bloquer compl\u00e8tement le stockage des cookies. Vous pouvez \u00e9galement supprimer les cookies d\u00e9j\u00e0 stock\u00e9s dans votre navigateur. L&#8217;emplacement de ces param\u00e8tres d\u00e9pend du navigateur que vous utilisez. En g\u00e9n\u00e9ral, la section \u00ab\u00a0Aide\u00a0\u00bb de votre navigateur vous aidera \u00e0 localiser ces param\u00e8tres.<\/p>\n\n<h2><strong>4 &#8211; Consentement \u00e0 l&rsquo;utilisation de cookies :<\/strong><\/h2>\n\n<p>Si les cookies sont n\u00e9cessaires \u00e0 l&rsquo;utilisation du site web (fonctionnalit\u00e9), ces cookies de session ne requi\u00e8rent pas votre consentement pr\u00e9alable. Ces cookies de session expirent lorsque vous quittez la page d&rsquo;accueil. Les cookies persistants et les cookies de tiers peuvent n\u00e9cessiter votre consentement pr\u00e9alable pour suivre les choix que vous avez faits sur le site web et vos pr\u00e9f\u00e9rences.  <\/p>\n\n<h2><strong>5 &#8211; Plus d&rsquo;informations sur les cookies<\/strong><\/h2>\n\n<h3><strong>5.1 &#8211; Cookies de premi\u00e8re partie<\/strong><\/h3>\n\n<p>Un cookie de premi\u00e8re partie est un type de cookie d\u00e9fini par le site que l&rsquo;utilisateur visite et qui ne peut \u00eatre lu que par ce site.<\/p>\n\n<h3><strong>5.2 &#8211; Cookies de tiers<\/strong><\/h3>\n\n<p>Les cookies tiers sont mis en place par une organisation qui n&rsquo;est pas propri\u00e9taire du site que l&rsquo;utilisateur visite. Il s&rsquo;agit g\u00e9n\u00e9ralement de cookies mis en place par des organisations sp\u00e9cialis\u00e9es dans le marketing ou l&rsquo;analyse.<\/p>\n\t\t\t\t\t\t\t\t<\/div>\n\t\t\t\t\t<\/div>\n\t\t\t\t<\/div>\n\t\t\t\t<\/div>\n\t\t","protected":false},"excerpt":{"rendered":"<p>Notre politique en mati\u00e8re de cookies a \u00e9t\u00e9 mise \u00e0 jour et publi\u00e9e pour la derni\u00e8re fois le 14 novembre 2022. Cette politique en mati\u00e8re de cookies est con\u00e7ue pour vous donner plus d&rsquo;informations sur les cookies que nous utilisons sur simbud.com et nos sous-domaines enregistr\u00e9s (\u00ab\u00a0site web\u00ab\u00a0). Notre utilisation des informations recueillies par le [&hellip;]<\/p>\n","protected":false},"author":1,"featured_media":0,"parent":0,"menu_order":0,"comment_status":"closed","ping_status":"closed","template":"","meta":{"footnotes":""},"class_list":["post-11237","page","type-page","status-publish","hentry"],"aioseo_notices":[],"_links":{"self":[{"href":"https:\/\/simbud.com\/fr\/wp-json\/wp\/v2\/pages\/11237","targetHints":{"allow":["GET"]}}],"collection":[{"href":"https:\/\/simbud.com\/fr\/wp-json\/wp\/v2\/pages"}],"about":[{"href":"https:\/\/simbud.com\/fr\/wp-json\/wp\/v2\/types\/page"}],"author":[{"embeddable":true,"href":"https:\/\/simbud.com\/fr\/wp-json\/wp\/v2\/users\/1"}],"replies":[{"embeddable":true,"href":"https:\/\/simbud.com\/fr\/wp-json\/wp\/v2\/comments?post=11237"}],"version-history":[{"count":7,"href":"https:\/\/simbud.com\/fr\/wp-json\/wp\/v2\/pages\/11237\/revisions"}],"predecessor-version":[{"id":14681,"href":"https:\/\/simbud.com\/fr\/wp-json\/wp\/v2\/pages\/11237\/revisions\/14681"}],"wp:attachment":[{"href":"https:\/\/simbud.com\/fr\/wp-json\/wp\/v2\/media?parent=11237"}],"curies":[{"name":"wp","href":"https:\/\/api.w.org\/{rel}","templated":true}]}}