{"id":11231,"date":"2022-07-29T14:39:56","date_gmt":"2022-07-29T14:39:56","guid":{"rendered":"https:\/\/simbud.com\/nous-contacter\/"},"modified":"2024-10-07T19:26:40","modified_gmt":"2024-10-07T19:26:40","slug":"nous-contacter","status":"publish","type":"page","link":"https:\/\/simbud.com\/fr\/nous-contacter\/","title":{"rendered":"Nous contacter"},"content":{"rendered":"\t\t<div data-elementor-type=\"wp-page\" data-elementor-id=\"11231\" class=\"elementor elementor-11231 elementor-23\" data-elementor-post-type=\"page\">\n\t\t\t\t\t\t<section class=\"elementor-section elementor-top-section elementor-element elementor-element-16b123e7 elementor-hidden-desktop elementor-hidden-tablet elementor-hidden-mobile elementor-section-boxed elementor-section-height-default elementor-section-height-default\" data-id=\"16b123e7\" data-element_type=\"section\" data-e-type=\"section\">\n\t\t\t\t\t\t<div class=\"elementor-container elementor-column-gap-default\">\n\t\t\t\t\t<div class=\"elementor-column elementor-col-100 elementor-top-column elementor-element elementor-element-2774782\" data-id=\"2774782\" data-element_type=\"column\" data-e-type=\"column\">\n\t\t\t<div class=\"elementor-widget-wrap elementor-element-populated\">\n\t\t\t\t\t\t<div class=\"elementor-element elementor-element-364d3803 elementor-widget elementor-widget-text-editor\" data-id=\"364d3803\" data-element_type=\"widget\" data-e-type=\"widget\" data-widget_type=\"text-editor.default\">\n\t\t\t\t\t\t\t\t\t\n<p>Simbud n&rsquo;est pas un vendeur de forfaits de donn\u00e9es et n&rsquo;offre pas directement de services eSIM. N&rsquo;h\u00e9sitez pas \u00e0 nous envoyer un message si vous avez des questions g\u00e9n\u00e9rales sur les produits eSIM ou notre plateforme. Toutefois, si vous avez des questions sur un op\u00e9rateur ou un plan sp\u00e9cifique, nous vous recommandons de contacter directement le fournisseur. Vous recevrez ainsi les informations les plus r\u00e9centes et les plus opportunes.<\/p>\n\n\n\n<p>L&rsquo;\u00e9quipe Simbud est impatiente de vous lire !<\/p>\n\n\n\n<p>[wpforms id=\u00a0\u00bb21&Prime;]<\/p>\n\t\t\t\t\t\t\t\t<\/div>\n\t\t\t\t\t<\/div>\n\t\t<\/div>\n\t\t\t\t\t<\/div>\n\t\t<\/section>\n\t\t\t\t<section class=\"elementor-section elementor-top-section elementor-element elementor-element-a301336 elementor-section-boxed elementor-section-height-default elementor-section-height-default\" data-id=\"a301336\" data-element_type=\"section\" data-e-type=\"section\">\n\t\t\t\t\t\t<div class=\"elementor-container elementor-column-gap-default\">\n\t\t\t\t\t<div class=\"elementor-column elementor-col-100 elementor-top-column elementor-element elementor-element-6404e50\" data-id=\"6404e50\" data-element_type=\"column\" data-e-type=\"column\">\n\t\t\t<div class=\"elementor-widget-wrap elementor-element-populated\">\n\t\t\t\t\t\t<div class=\"elementor-element elementor-element-f8b2077 elementor-widget elementor-widget-heading\" data-id=\"f8b2077\" data-element_type=\"widget\" data-e-type=\"widget\" data-widget_type=\"heading.default\">\n\t\t\t\t\t<h1 class=\"elementor-heading-title elementor-size-default\">Nous contacter  <\/h1>\t\t\t\t<\/div>\n\t\t\t\t<div class=\"elementor-element elementor-element-29ccb65 elementor-widget elementor-widget-text-editor\" data-id=\"29ccb65\" data-element_type=\"widget\" data-e-type=\"widget\" data-widget_type=\"text-editor.default\">\n\t\t\t\t\t\t\t\t\t<p>Simbud n&rsquo;est pas un vendeur de forfaits de donn\u00e9es et n&rsquo;offre pas directement de services eSIM. N&rsquo;h\u00e9sitez pas \u00e0 nous envoyer un message si vous avez des questions g\u00e9n\u00e9rales sur les produits eSIM ou notre plateforme. Toutefois, si vous avez des questions sur un op\u00e9rateur ou un plan sp\u00e9cifique, nous vous recommandons de contacter directement le fournisseur. Vous recevrez ainsi les informations les plus r\u00e9centes et les plus opportunes.<\/p>\n<p>L&rsquo;\u00e9quipe Simbud est impatiente de vous lire !<\/p>\t\t\t\t\t\t\t\t<\/div>\n\t\t\t\t<div class=\"elementor-element elementor-element-64e21a0 elementor-widget elementor-widget-html\" data-id=\"64e21a0\" data-element_type=\"widget\" data-e-type=\"widget\" data-widget_type=\"html.default\">\n\t\t\t\t\t\n<div id='crmWebToEntityForm' class='zcwf_lblLeft crmWebToEntityForm' style='background-color: white;color: black;max-width: 600px;'>\n  <meta name='viewport' content='width=device-width, initial-scale=1.0'>\n   <META HTTP-EQUIV ='content-type' CONTENT='text\/html;charset=UTF-8'>\n   \n<form id='webform2909797000002409005' action='https:\/\/crm.zoho.com\/crm\/WebToLeadForm' name=WebToLeads2909797000002409005 method='POST' onSubmit='javascript:document.charset=\"UTF-8\"; return checkMandatory2909797000002409005()' accept-charset='UTF-8'>\n <input type='text' style='display:none;' name='xnQsjsdp' value='3804ef42659298bd4f9097f98d0ac79b36abb5be52a01ef4280b85b44303c2a1'><\/input> \n <input type='hidden' name='zc_gad' id='zc_gad' value=''><\/input>\n <input type='text' style='display:none;' name='xmIwtLD' value='5a5fd8e359dc75eec28d2543aa51d93b5a271f971308063ba1a1526f6ba66cc44dbab2cb71e6a880fc08283c73a82714'><\/input> \n <input type='text'  style='display:none;' name='actionType' value='TGVhZHM='><\/input>\n <input type='text' style='display:none;' name='returnURL' value='null' > <\/input>\n\t <!-- Do not remove this code. -->\n<style>\nhtml,body{\n\tmargin: 0px;\n}\n#crmWebToEntityForm.zcwf_lblLeft {\n\twidth:100%;\n\tpadding: 25px;\n\tmargin: 0;\n\ttext-align: left;\n\tbox-sizing: border-box;\n}\n#crmWebToEntityForm.zcwf_lblLeft * {\n\tbox-sizing: border-box;\n}\n#crmWebToEntityForm{text-align: left;}\n#crmWebToEntityForm * {\n\tdirection: ltr;\n}\n.zcwf_lblLeft .zcwf_title {\n\tword-wrap: break-word;\n\tpadding: 0px 6px 10px;\n\tfont-weight:bold }.zcwf_lblLeft.cpT_primaryBtn:hover{\n\tbackground: linear-gradient(#02acff 0,#006be4 100%) no-repeat padding-box !important;\n\tbox-shadow: 0 -2px 0 0 #0159b9 inset !important;\n\tborder: 0 !important;\n\tcolor: #fff !important;\n\toutline: 0 !important;\n}.zcwf_lblLeft .zcwf_col_fld input[type=text], input[type=password], .zcwf_lblLeft .zcwf_col_fld textarea {\n\twidth: 90%;\n\tborder: 1px solid #c0c6cc !important;\n\tresize: vertical;\n\tborder-radius: 2px;\n\tfloat: left;\n}\n.zcwf_lblLeft .zcwf_col_lab {\n\twidth: 30%;\n\tword-break: break-word;\n\tpadding: 0px 6px 0px;\n\tmargin-right: 10px;\n\tmargin-top: 5px;\n\tfloat: left;\n\tmin-height: 1px;\n}\n.zcwf_lblLeft .zcwf_col_fld {\n\tfloat: left;\n\twidth: 68%;\n\tpadding: 0px 6px 0px;\n\tposition: relative;\n\tmargin-top: 5px;\n}\n.zcwf_lblLeft .zcwf_privacy{padding: 6px;}\n.zcwf_lblLeft .wfrm_fld_dpNn{display: none;}\n.dIB{display: inline-block;}\n.zcwf_lblLeft .zcwf_col_fld_slt {\n\twidth: 60%;\n\tborder: 1px solid #ccc;\n\tbackground: #fff;\n\tborder-radius: 4px;\n\tfont-size: 16px;\n\tfloat: left;\n\tresize: vertical;\n\tpadding: 2px 5px;\n}\n.zcwf_lblLeft .zcwf_row:after, .zcwf_lblLeft .zcwf_col_fld:after {\n\tcontent: '';\n\tdisplay: table;\n\tclear: both;\n}\n.zcwf_lblLeft .zcwf_col_help {\n\tfloat: left;\n\tmargin-left: 7px;\n\tfont-size: 16px;\n\tmax-width: 35%;\n\tword-break: break-word;\n}\n.zcwf_lblLeft .zcwf_help_icon {\n\tcursor: pointer;\n\twidth: 16px;\n\theight: 16px;\n\tdisplay: inline-block;\n\tbackground: #fff;\n\tborder: 1px solid #c0c6cc;\n\tcolor: #c1c1c1;\n\ttext-align: center;\n\tfont-size: 11px;\n\tline-height: 16px;\n\tfont-weight: bold;\n\tborder-radius: 50%;\n}\n.zcwf_lblLeft .zcwf_row {margin: 15px 0px;}\n.zcwf_lblLeft .formsubmit {\n\tmargin-right: 5px;\n\tcursor: pointer;\n\tcolor: var(--baseColor);\n\tfont-size: 16px;\n}\n.zcwf_lblLeft .zcwf_privacy_txt {\n\twidth: 90%;\n\tcolor: rgb(0, 0, 0);\n\tfont-size: 16px;\n\tfont-family: Arial;\n\tdisplay: inline-block;\n\tvertical-align: top;\n\tcolor: var(--baseColor);\n\tpadding-top: 2px;\n\tmargin-left: 6px;\n}\n.zcwf_lblLeft .zcwf_button {\n\tfont-size: 16px;\n\t font-weight: bold;\n\tcolor: var(--baseColor);\n\tborder: 1px solid #c0c6cc;\n\tpadding: 3px 9px;\n\tborder-radius: 4px;\n\tcursor: pointer;\n\tmax-width: 120px;\n\toverflow: hidden;\n\ttext-overflow: ellipsis;\n\twhite-space: nowrap;\n}\n.zcwf_lblLeft .zcwf_tooltip_over{\n\tposition: relative;\n}\n\tposition: absolute;\n\tbackground: #dedede;\n\tpadding: 3px 6px;\n\ttop: 3px;\n\tborder-radius: 4px;word-break: break-word;\n\tmin-width: 100px;\n\tmax-width: 150px;\n\tcolor: var(--baseColor);\n\tz-index: 100;\n}\n.zcwf_lblLeft .zcwf_ckbox{\n\tfloat: left;\n}\n.zcwf_lblLeft .zcwf_file{\n\twidth: 55%;\n\tbox-sizing: border-box;\n\tfloat: left;\n}\n\n.zcwf_lblLeft .zcwf_button:hover {\n    background-color: #FFFFFF; \/* Couleur de fond au survol *\/\n    border-color: #4ADE80;\n    color: #4ADE80; \/* Couleur du texte au survol *\/\n}\n.cBoth:after{\n\tcontent:'';\n\tdisplay: block;\n\tclear: both;\n}\n@media all and (max-width: 600px) {\n\t.zcwf_lblLeft .zcwf_col_lab, .zcwf_lblLeft .zcwf_col_fld {\n\t\twidth: auto;\n\t\tfloat: none !important;\n\t}\n\t.zcwf_lblLeft .zcwf_col_help {width: 40%;}\n}\n<\/style>\n<div class='zcwf_title' style='max-width: 800px;color: black; font-family:Arial;'><\/div><div class='zcwf_row'><div class='zcwf_col_lab' style='font-size:16px; font-family: Arial;'><label for='Company'>Entreprise<span style='color:red;'>*<\/span><\/label><\/div><div class='zcwf_col_fld'><input type='text' id='Company' aria-required='true' aria-label='Company' name='Company' aria-valuemax='200' maxlength='200'><\/input><div class='zcwf_col_help'><\/div><\/div><\/div><div class='zcwf_row'><div class='zcwf_col_lab' style='font-size:16px; font-family: Arial;'><label for='Website'>Site internet<\/label><\/div><div class='zcwf_col_fld'><input type='text' id='Website' aria-required='false' aria-label='Website' name='Website' aria-valuemax='255' maxlength='255'><\/input><div class='zcwf_col_help'><\/div><\/div><\/div><div class='zcwf_row'><div class='zcwf_col_lab' style='font-size:16px; font-family: Arial;'><label for='First_Name'>Pr\u00e9nom<\/label><\/div><div class='zcwf_col_fld'><input type='text' id='First_Name' aria-required='false' aria-label='First Name' name='First Name' aria-valuemax='40' maxlength='40'><\/input><div class='zcwf_col_help'><\/div><\/div><\/div><div class='zcwf_row'><div class='zcwf_col_lab' style='font-size:16px; font-family: Arial;'><label for='Last_Name'>Nom<span style='color:red;'>*<\/span><\/label><\/div><div class='zcwf_col_fld'><input type='text' id='Last_Name' aria-required='true' aria-label='Last Name' name='Last Name' aria-valuemax='80' maxlength='80'><\/input><div class='zcwf_col_help'><\/div><\/div><\/div><div class='zcwf_row'><div class='zcwf_col_lab' style='font-size:16px; font-family: Arial;'><label for='Email'>Courriel<\/label><\/div><div class='zcwf_col_fld'><input type='text' ftype='email' autocomplete='false' id='Email' aria-required='false' aria-label='Email' name='Email' aria-valuemax='100' crmlabel='' maxlength='100'><\/input><div class='zcwf_col_help'><\/div><\/div><\/div><div class='zcwf_row'><div class='zcwf_col_lab' style='font-size:16px; font-family: Arial;'><label for='Description'>Message<\/label><\/div><div class='zcwf_col_fld'><textarea aria-multiline='true' id='Description' aria-required='false' aria-label='Description' name='Description'><\/textarea><div class='zcwf_col_help'><\/div><\/div><\/div><div class='zcwf_row'><div class='zcwf_col_lab'><\/div><div class='zcwf_col_fld'><input type='submit' id='formsubmit' role='button' class='formsubmit zcwf_button' value='Envoyer' aria-label='Submit' title='Submit'><input type='reset' class='zcwf_button' role='button' name='reset' value='R\u00e9initialiser' aria-label='Reset' title='Reset'><\/div><\/div>\n\t<script>\n\tfunction validateEmail2909797000002409005()\n\t{\n\t\tvar form = document.forms['WebToLeads2909797000002409005'];\n\t\tvar emailFld = form.querySelectorAll('[ftype=email]');\n\t\tvar i;\n\t\tfor (i = 0; i < emailFld.length; i++)\n\t\t{\n\t\t\tvar emailVal = emailFld[i].value;\n\t\t\tif((emailVal.replace(\/^\\s+|\\s+$\/g, '')).length!=0 )\n\t\t\t{\n\t\t\t\tvar atpos=emailVal.indexOf('@');\n\t\t\t\tvar dotpos=emailVal.lastIndexOf('.');\n\t\t\t\tif (atpos<1 || dotpos<atpos+2 || dotpos+2>=emailVal.length)\n\t\t\t\t{\n\t\t\t\t\talert('Please enter a valid email address. ');\n\t\t\t\t\temailFld[i].focus();\n\t\t\t\t\treturn false;\n\t\t\t\t}\n\t\t\t}\n\t\t}\n\t\treturn true;\n\t}\n\n\tfunction checkMandatory2909797000002409005() {\n\t\tvar mndFileds = new Array('Company','Last Name');\n\t\tvar fldLangVal = new Array('Company','Last\\x20Name');\n\t\tfor(i=0;i<mndFileds.length;i++) {\n\t\t  var fieldObj=document.forms['WebToLeads2909797000002409005'][mndFileds[i]];\n\t\t  if(fieldObj) {\n\t\t\tif (((fieldObj.value).replace(\/^\\s+|\\s+$\/g, '')).length==0) {\n\t\t\t if(fieldObj.type =='file')\n\t\t\t\t{ \n\t\t\t\t alert('Please select a file to upload.'); \n\t\t\t\t fieldObj.focus(); \n\t\t\t\t return false;\n\t\t\t\t} \n\t\t\talert(fldLangVal[i] +' cannot be empty.'); \n   \t   \t  \t  fieldObj.focus();\n   \t   \t  \t  return false;\n\t\t\t}  else if(fieldObj.nodeName=='SELECT') {\n  \t   \t   \t if(fieldObj.options[fieldObj.selectedIndex].value=='-None-') {\n\t\t\t\talert(fldLangVal[i] +' cannot be none.'); \n\t\t\t\tfieldObj.focus();\n\t\t\t\treturn false;\n\t\t\t   }\n\t\t\t} else if(fieldObj.type =='checkbox'){\n \t \t \t if(fieldObj.checked == false){\n\t\t\t\talert('Please accept  '+fldLangVal[i]);\n\t\t\t\tfieldObj.focus();\n\t\t\t\treturn false;\n\t\t\t   } \n\t\t\t } \n\t\t\t try {\n\t\t\t     if(fieldObj.name == 'Last Name') {\n\t\t\t\tname = fieldObj.value;\n \t \t \t    }\n\t\t\t} catch (e) {}\n\t\t    }\n\t\t}\n\t\tif(!validateEmail2909797000002409005()){return false;}\n\t\t\n\tvar urlparams = new URLSearchParams( window.location.search);\n\tif(urlparams.has('service') && (urlparams.get('service')==='smarturl')){\n\t\tvar webform = document.getElementById('webform2909797000002409005');\n\t\t var service =  urlparams.get('service'); \n\t\tvar smarturlfield = document.createElement('input');\n\t\tsmarturlfield.setAttribute('type','hidden');\n\t\tsmarturlfield.setAttribute('value',service);\n\t\tsmarturlfield.setAttribute('name','service');\n\t\twebform.appendChild(smarturlfield); \n\t}\n\n\t\tdocument.querySelector('.crmWebToEntityForm .formsubmit').setAttribute('disabled', true);\n\t}\n\nfunction tooltipShow2909797000002409005(el){\n\tvar tooltip = el.nextElementSibling;\n\tvar tooltipDisplay = tooltip.style.display;\n\tif(tooltipDisplay == 'none'){\n\t\tvar allTooltip = document.getElementsByClassName('zcwf_tooltip_over');\n\t\tfor(i=0; i<allTooltip.length; i++){\n\t\t\tallTooltip[i].style.display='none';\n\t\t}\n\t\ttooltip.style.display = 'block';\n\t}else{\n\t\ttooltip.style.display='none';\n\t}\n}\n<\/script>\n\t<\/form>\n<\/div>\t\t\t\t<\/div>\n\t\t\t\t\t<\/div>\n\t\t<\/div>\n\t\t\t\t\t<\/div>\n\t\t<\/section>\n\t\t\t\t<\/div>\n\t\t","protected":false},"excerpt":{"rendered":"<p>Simbud n&rsquo;est pas un vendeur de forfaits de donn\u00e9es et n&rsquo;offre pas directement de services eSIM. N&rsquo;h\u00e9sitez pas \u00e0 nous envoyer un message si vous avez des questions g\u00e9n\u00e9rales sur les produits eSIM ou notre plateforme. Toutefois, si vous avez des questions sur un op\u00e9rateur ou un plan sp\u00e9cifique, nous vous recommandons de contacter directement [&hellip;]<\/p>\n","protected":false},"author":1,"featured_media":0,"parent":0,"menu_order":0,"comment_status":"closed","ping_status":"closed","template":"","meta":{"footnotes":""},"class_list":["post-11231","page","type-page","status-publish","hentry"],"aioseo_notices":[],"_links":{"self":[{"href":"https:\/\/simbud.com\/fr\/wp-json\/wp\/v2\/pages\/11231","targetHints":{"allow":["GET"]}}],"collection":[{"href":"https:\/\/simbud.com\/fr\/wp-json\/wp\/v2\/pages"}],"about":[{"href":"https:\/\/simbud.com\/fr\/wp-json\/wp\/v2\/types\/page"}],"author":[{"embeddable":true,"href":"https:\/\/simbud.com\/fr\/wp-json\/wp\/v2\/users\/1"}],"replies":[{"embeddable":true,"href":"https:\/\/simbud.com\/fr\/wp-json\/wp\/v2\/comments?post=11231"}],"version-history":[{"count":24,"href":"https:\/\/simbud.com\/fr\/wp-json\/wp\/v2\/pages\/11231\/revisions"}],"predecessor-version":[{"id":14705,"href":"https:\/\/simbud.com\/fr\/wp-json\/wp\/v2\/pages\/11231\/revisions\/14705"}],"wp:attachment":[{"href":"https:\/\/simbud.com\/fr\/wp-json\/wp\/v2\/media?parent=11231"}],"curies":[{"name":"wp","href":"https:\/\/api.w.org\/{rel}","templated":true}]}}